{"id":8620,"date":"2021-08-09T13:43:49","date_gmt":"2021-08-09T13:43:49","guid":{"rendered":"https:\/\/turgalat.com.tr\/sss-sayfasi\/"},"modified":"2024-02-17T18:39:52","modified_gmt":"2024-02-17T18:39:52","slug":"faq-page","status":"publish","type":"page","link":"https:\/\/turgalat.com.tr\/tr\/faq-page\/","title":{"rendered":"SSS Sayfas\u0131"},"content":{"rendered":"\t\t<div data-elementor-type=\"wp-page\" data-elementor-id=\"8620\" class=\"elementor elementor-8620 elementor-3138\">\n\t\t\t\t\t\t<section class=\"elementor-section elementor-top-section elementor-element elementor-element-133240b elementor-section-full_width elementor-section-height-default elementor-section-height-default qodef-elementor-content-no\" data-id=\"133240b\" data-element_type=\"section\">\n\t\t\t\t\t\t<div class=\"elementor-container elementor-column-gap-no\">\n\t\t\t\t\t<div class=\"elementor-column elementor-col-100 elementor-top-column elementor-element elementor-element-9277d26\" data-id=\"9277d26\" data-element_type=\"column\">\n\t\t\t<div class=\"elementor-widget-wrap elementor-element-populated\">\n\t\t\t\t\t\t<div class=\"elementor-element elementor-element-139a752 elementor-widget elementor-widget-globefarer_core_accordion_info\" data-id=\"139a752\" data-element_type=\"widget\" data-widget_type=\"globefarer_core_accordion_info.default\">\n\t\t\t\t<div class=\"elementor-widget-container\">\n\t\t\t\t\t<div class=\"qodef-shortcode qodef-m  qodef-accordion-info qodef-behavior--accordion qodef-layout--standard \">\n\t\t<div class=\"qodef-accordion-info-inner\">\n\t\t\t\t\t\t\t\t\t\t\t\t\t<div class=\"qodef-m-navigation\">\n\t\t<h4 class=\"qodef-m-title\">\n\t\tTurgalat Uluslarasi Co. hangi hizmetleri sunar?\t<\/h4>\n<div class=\"qodef-m-mark\">\n\t<svg class=\"qodef-svg--plus\" xmlns=\"http:\/\/www.w3.org\/2000\/svg\" xmlns:xlink=\"http:\/\/www.w3.org\/1999\/xlink\" width=\"14\" height=\"14\" viewBox=\"0 0 14 14\"><path class=\"qodef-m-horizontal\" d=\"M0,0H14V2H0Z\" transform=\"translate(0 6)\" \/><path class=\"qodef-m-vertical\" d=\"M0,0H2V14H0Z\" transform=\"translate(6)\" \/><\/svg><\/div>\n<\/div>\n<div class=\"qodef-m-content\">\n\t\t<p class=\"qodef-m-text\">\n\t\tKapsaml\u0131 lojistik \u00e7\u00f6z\u00fcmleri sunuyoruz, bunlar aras\u0131nda hava, deniz, kara ve demiryolu kargo, depolama, tedarik zinciri y\u00f6netimi, g\u00fcmr\u00fck i\u015flemleri ve FMCG \u00e7\u00f6z\u00fcmleri bulunmaktad\u0131r.\t<\/p>\n<\/div>\n\t\t\t\t\t\t\t\t\t\t\t<div class=\"qodef-m-navigation\">\n\t\t<h4 class=\"qodef-m-title\">\n\t\tG\u00f6nderiniz i\u00e7in bir fiyat teklifi nas\u0131l alabilirim?\t<\/h4>\n<div class=\"qodef-m-mark\">\n\t<svg class=\"qodef-svg--plus\" xmlns=\"http:\/\/www.w3.org\/2000\/svg\" xmlns:xlink=\"http:\/\/www.w3.org\/1999\/xlink\" width=\"14\" height=\"14\" viewBox=\"0 0 14 14\"><path class=\"qodef-m-horizontal\" d=\"M0,0H14V2H0Z\" transform=\"translate(0 6)\" \/><path class=\"qodef-m-vertical\" d=\"M0,0H2V14H0Z\" transform=\"translate(6)\" \/><\/svg><\/div>\n<\/div>\n<div class=\"qodef-m-content\">\n\t\t<p class=\"qodef-m-text\">\n\t\tG\u00f6nderiniz i\u00e7in bir fiyat teklifi almak i\u00e7in web sitemizdeki formu, e-postay\u0131 veya telefonu kullanarak bizimle ileti\u015fime ge\u00e7ebilirsiniz. L\u00fctfen g\u00f6nderinizle ilgili detaylar\u0131 sa\u011flay\u0131n, size rekabet\u00e7i bir teklifle yan\u0131t verece\u011fiz.\t<\/p>\n<\/div>\n\t\t\t\t\t\t\t\t\t\t\t<div class=\"qodef-m-navigation\">\n\t\t<h4 class=\"qodef-m-title\">\n\t\tTurgalat Uluslarasi, g\u00f6nderiler i\u00e7in izleme hizmeti sunuyor mu?\t<\/h4>\n<div class=\"qodef-m-mark\">\n\t<svg class=\"qodef-svg--plus\" xmlns=\"http:\/\/www.w3.org\/2000\/svg\" xmlns:xlink=\"http:\/\/www.w3.org\/1999\/xlink\" width=\"14\" height=\"14\" viewBox=\"0 0 14 14\"><path class=\"qodef-m-horizontal\" d=\"M0,0H14V2H0Z\" transform=\"translate(0 6)\" \/><path class=\"qodef-m-vertical\" d=\"M0,0H2V14H0Z\" transform=\"translate(6)\" \/><\/svg><\/div>\n<\/div>\n<div class=\"qodef-m-content\">\n\t\t<p class=\"qodef-m-text\">\n\t\tEvet, t\u00fcm g\u00f6nderiler i\u00e7in ger\u00e7ek zamanl\u0131 izleme hizmeti sunuyoruz, b\u00f6ylece kargonuzun ba\u015flang\u0131\u00e7tan var\u0131\u015f noktas\u0131na kadar ilerlemesini izleyebilirsiniz.\t<\/p>\n<\/div>\n\t\t\t\t\t\t\t\t\t\t\t<div class=\"qodef-m-navigation\">\n\t\t<h4 class=\"qodef-m-title\">\n\t\tTurgalat Uluslarasi g\u00fcmr\u00fck i\u015flemlerini y\u00f6netebilir mi?\t<\/h4>\n<div class=\"qodef-m-mark\">\n\t<svg class=\"qodef-svg--plus\" xmlns=\"http:\/\/www.w3.org\/2000\/svg\" xmlns:xlink=\"http:\/\/www.w3.org\/1999\/xlink\" width=\"14\" height=\"14\" viewBox=\"0 0 14 14\"><path class=\"qodef-m-horizontal\" d=\"M0,0H14V2H0Z\" transform=\"translate(0 6)\" \/><path class=\"qodef-m-vertical\" d=\"M0,0H2V14H0Z\" transform=\"translate(6)\" \/><\/svg><\/div>\n<\/div>\n<div class=\"qodef-m-content\">\n\t\t<p class=\"qodef-m-text\">\n\t\tKesinlikle, g\u00f6nderilerinizin h\u0131zl\u0131 ve gecikmesiz bir \u015fekilde i\u015flenmesini sa\u011flamak i\u00e7in sorunsuz g\u00fcmr\u00fck i\u015flemleri hizmeti sunuyoruz.\t<\/p>\n<\/div>\n\t\t\t\t\t\t\t\t\t\t\t<div class=\"qodef-m-navigation\">\n\t\t<h4 class=\"qodef-m-title\">\n\t\tTurgalat Uluslarasi hangi t\u00fcr malzemeleri ta\u015f\u0131yabilir?\t<\/h4>\n<div class=\"qodef-m-mark\">\n\t<svg class=\"qodef-svg--plus\" xmlns=\"http:\/\/www.w3.org\/2000\/svg\" xmlns:xlink=\"http:\/\/www.w3.org\/1999\/xlink\" width=\"14\" height=\"14\" viewBox=\"0 0 14 14\"><path class=\"qodef-m-horizontal\" d=\"M0,0H14V2H0Z\" transform=\"translate(0 6)\" \/><path class=\"qodef-m-vertical\" d=\"M0,0H2V14H0Z\" transform=\"translate(6)\" \/><\/svg><\/div>\n<\/div>\n<div class=\"qodef-m-content\">\n\t\t<p class=\"qodef-m-text\">\n\t\tGenel kargo, hassas malzemeler ve a\u015f\u0131r\u0131 boyutlu g\u00f6nderiler de dahil olmak \u00fczere \u00e7e\u015fitli malzemeler ta\u015f\u0131yoruz, yasal ve g\u00fcvenlik d\u00fczenlemelerine tabiidir.\t<\/p>\n<\/div>\n\t\t\t\t\t\t\t\t\t\t\t<div class=\"qodef-m-navigation\">\n\t\t<h4 class=\"qodef-m-title\">\n\t\tTurgalat Uluslarasi \u00e7evre dostu mudur?\t<\/h4>\n<div class=\"qodef-m-mark\">\n\t<svg class=\"qodef-svg--plus\" xmlns=\"http:\/\/www.w3.org\/2000\/svg\" xmlns:xlink=\"http:\/\/www.w3.org\/1999\/xlink\" width=\"14\" height=\"14\" viewBox=\"0 0 14 14\"><path class=\"qodef-m-horizontal\" d=\"M0,0H14V2H0Z\" transform=\"translate(0 6)\" \/><path class=\"qodef-m-vertical\" d=\"M0,0H2V14H0Z\" transform=\"translate(6)\" \/><\/svg><\/div>\n<\/div>\n<div class=\"qodef-m-content\">\n\t\t<p class=\"qodef-m-text\">\n\t\tS\u00fcrd\u00fcr\u00fclebilirli\u011fe ba\u011fl\u0131y\u0131z ve i\u015flemlerimizde \u00e7evre dostu uygulamalar\u0131 benimsiyoruz, bunlar aras\u0131nda emisyonlar\u0131 azaltmak i\u00e7in rota planlamas\u0131n\u0131 optimize etmek de bulunuyor.\n\n\n\n\n\t<\/p>\n<\/div>\n\t\t\t\t\t\t\t\t\t\t\t<div class=\"qodef-m-navigation\">\n\t\t<h4 class=\"qodef-m-title\">\n\t\tG\u00f6nderiler i\u00e7in sigorta teklif ediyor musunuz?\t<\/h4>\n<div class=\"qodef-m-mark\">\n\t<svg class=\"qodef-svg--plus\" xmlns=\"http:\/\/www.w3.org\/2000\/svg\" xmlns:xlink=\"http:\/\/www.w3.org\/1999\/xlink\" width=\"14\" height=\"14\" viewBox=\"0 0 14 14\"><path class=\"qodef-m-horizontal\" d=\"M0,0H14V2H0Z\" transform=\"translate(0 6)\" \/><path class=\"qodef-m-vertical\" d=\"M0,0H2V14H0Z\" transform=\"translate(6)\" \/><\/svg><\/div>\n<\/div>\n<div class=\"qodef-m-content\">\n\t\t<p class=\"qodef-m-text\">\n\t\tEvet, transit s\u0131ras\u0131nda kargonuzu korumak i\u00e7in \u00e7e\u015fitli sigorta se\u00e7enekleri sunuyoruz. Ek \u00fccretler uygulanabilir ve kapsam detaylar\u0131 iste\u011fe ba\u011fl\u0131 olarak sa\u011flanabilir.\t<\/p>\n<\/div>\n\t\t\t\t\t\t\t\t\t\t\t<div class=\"qodef-m-navigation\">\n\t\t<h4 class=\"qodef-m-title\">\n\t\tTurgalat Uluslarasi, kargonun g\u00fcvenli\u011fi ve emniyetini nas\u0131l sa\u011flar?\t<\/h4>\n<div class=\"qodef-m-mark\">\n\t<svg class=\"qodef-svg--plus\" xmlns=\"http:\/\/www.w3.org\/2000\/svg\" xmlns:xlink=\"http:\/\/www.w3.org\/1999\/xlink\" width=\"14\" height=\"14\" viewBox=\"0 0 14 14\"><path class=\"qodef-m-horizontal\" d=\"M0,0H14V2H0Z\" transform=\"translate(0 6)\" \/><path class=\"qodef-m-vertical\" d=\"M0,0H2V14H0Z\" transform=\"translate(6)\" \/><\/svg><\/div>\n<\/div>\n<div class=\"qodef-m-content\">\n\t\t<p class=\"qodef-m-text\">\n\t\tKat\u0131 g\u00fcvenlik protokollerine ve g\u00fcvenli i\u015flem prosed\u00fcrlerine uyuyoruz. Ta\u015f\u0131y\u0131c\u0131lar\u0131m\u0131z \u00f6nceden kontrol edilir ve uyumlulu\u011fu ve ta\u015f\u0131y\u0131c\u0131 performans\u0131n\u0131 s\u00fcrekli olarak izliyoruz.\n\n\n\n\n\t<\/p>\n<\/div>\n\t\t\t\t\t\t\t\t\t\t\t<div class=\"qodef-m-navigation\">\n\t\t<h4 class=\"qodef-m-title\">\n\t\tT\u00fcm ta\u015f\u0131ma ihtiya\u00e7lar\u0131m\u0131 Turgalat Uluslarasi arac\u0131l\u0131\u011f\u0131yla y\u00f6netebilir miyim?\t<\/h4>\n<div class=\"qodef-m-mark\">\n\t<svg class=\"qodef-svg--plus\" xmlns=\"http:\/\/www.w3.org\/2000\/svg\" xmlns:xlink=\"http:\/\/www.w3.org\/1999\/xlink\" width=\"14\" height=\"14\" viewBox=\"0 0 14 14\"><path class=\"qodef-m-horizontal\" d=\"M0,0H14V2H0Z\" transform=\"translate(0 6)\" \/><path class=\"qodef-m-vertical\" d=\"M0,0H2V14H0Z\" transform=\"translate(6)\" \/><\/svg><\/div>\n<\/div>\n<div class=\"qodef-m-content\">\n\t\t<p class=\"qodef-m-text\">\n\t\tEvet, platformumuz t\u00fcm ta\u015f\u0131ma gereksinimlerinizi verimli bir \u015fekilde y\u00f6netmek \u00fczere tasarlanm\u0131\u015ft\u0131r, b\u00f6ylece g\u00f6nderileri tek bir yerden rezerve edebilir, takip edebilir ve y\u00f6netebilirsiniz.\t<\/p>\n<\/div>\n\t\t\t\t\t\t\t\t\t\t\t<div class=\"qodef-m-navigation\">\n\t\t<h4 class=\"qodef-m-title\">\n\t\tTurgalat Uluslarasi&#039;yi di\u011fer lojistik \u015firketlerinden farkl\u0131 k\u0131lan nedir?\t<\/h4>\n<div class=\"qodef-m-mark\">\n\t<svg class=\"qodef-svg--plus\" xmlns=\"http:\/\/www.w3.org\/2000\/svg\" xmlns:xlink=\"http:\/\/www.w3.org\/1999\/xlink\" width=\"14\" height=\"14\" viewBox=\"0 0 14 14\"><path class=\"qodef-m-horizontal\" d=\"M0,0H14V2H0Z\" transform=\"translate(0 6)\" \/><path class=\"qodef-m-vertical\" d=\"M0,0H2V14H0Z\" transform=\"translate(6)\" \/><\/svg><\/div>\n<\/div>\n<div class=\"qodef-m-content\">\n\t\t<p class=\"qodef-m-text\">\n\t\tDijital \u00f6ncelikli yakla\u015f\u0131m\u0131m\u0131z lojistik s\u00fcreci basitle\u015ftirir ve size t\u00fcm g\u00f6nderi ihtiya\u00e7lar\u0131n\u0131z i\u00e7in merkezi bir platform sunar. M\u00fc\u015fteri hizmetlerine ve yenili\u011fe olan ba\u011fl\u0131l\u0131\u011f\u0131m\u0131zla desteklenmektedir.\t<\/p>\n<\/div>\n\t\t\t\t\t\t<\/div>\n<\/div>\n\t\t\t\t<\/div>\n\t\t\t\t<\/div>\n\t\t\t\t\t<\/div>\n\t\t<\/div>\n\t\t\t\t\t<\/div>\n\t\t<\/section>\n\t\t\t\t<section class=\"elementor-section elementor-top-section elementor-element elementor-element-c3bb47b elementor-section-full_width elementor-section-height-default elementor-section-height-default qodef-elementor-content-no\" data-id=\"c3bb47b\" data-element_type=\"section\">\n\t\t\t\t\t\t<div class=\"elementor-container elementor-column-gap-no\">\n\t\t\t\t\t<div class=\"elementor-column elementor-col-100 elementor-top-column elementor-element elementor-element-78b4b6d\" data-id=\"78b4b6d\" data-element_type=\"column\">\n\t\t\t<div class=\"elementor-widget-wrap elementor-element-populated\">\n\t\t\t\t\t\t<div class=\"elementor-element elementor-element-867fa47 elementor-widget elementor-widget-globefarer_core_section_title\" data-id=\"867fa47\" data-element_type=\"widget\" data-widget_type=\"globefarer_core_section_title.default\">\n\t\t\t\t<div class=\"elementor-widget-container\">\n\t\t\t\t\t<div class=\"qodef-shortcode qodef-m  qodef-section-title qodef-alignment--left   qodef-appear-animation--no\">\n\t\t\t<h2 class=\"qodef-m-title\" >\n\t\t\t\t\tBir yan\u0131t b\u0131rak\t\t\t<\/h2>\n\t\t<p class=\"qodef-m-text\" style=\"margin-top: 43px\">E-posta adresiniz yay\u0131mlanmayacak. Gerekli alanlar * ile i\u015faretlenmi\u015ftir.<\/p>\n\t<\/div>\n\t\t\t\t<\/div>\n\t\t\t\t<\/div>\n\t\t\t\t\t<\/div>\n\t\t<\/div>\n\t\t\t\t\t<\/div>\n\t\t<\/section>\n\t\t\t\t<section class=\"elementor-section elementor-top-section elementor-element elementor-element-5abfa14 elementor-section-full_width elementor-section-height-default elementor-section-height-default qodef-elementor-content-no\" data-id=\"5abfa14\" data-element_type=\"section\">\n\t\t\t\t\t\t<div class=\"elementor-container elementor-column-gap-no\">\n\t\t\t\t\t<div class=\"elementor-column elementor-col-100 elementor-top-column elementor-element elementor-element-efa50a6\" data-id=\"efa50a6\" data-element_type=\"column\">\n\t\t\t<div class=\"elementor-widget-wrap elementor-element-populated\">\n\t\t\t\t\t\t<div class=\"elementor-element elementor-element-0ea6db7 elementor-widget elementor-widget-wp-widget-globefarer_core_contact_form_7\" data-id=\"0ea6db7\" data-element_type=\"widget\" data-widget_type=\"wp-widget-globefarer_core_contact_form_7.default\">\n\t\t\t\t<div class=\"elementor-widget-container\">\n\t\t\t\t\t\t\t\t<div class=\"qodef-contact-form-7\">\n\t\t\t\t\n<div class=\"wpcf7 no-js\" id=\"wpcf7-f8714-o1\" lang=\"tr-TR\" dir=\"ltr\" data-wpcf7-id=\"8714\">\n<div class=\"screen-reader-response\"><p role=\"status\" aria-live=\"polite\" aria-atomic=\"true\"><\/p> <ul><\/ul><\/div>\n<form action=\"\/tr\/wp-json\/wp\/v2\/pages\/8620#wpcf7-f8714-o1\" method=\"post\" class=\"wpcf7-form init\" aria-label=\"\u0130leti\u015fim Formu\" novalidate=\"novalidate\" data-status=\"init\">\n<fieldset class=\"hidden-fields-container\"><input type=\"hidden\" name=\"_wpcf7\" value=\"8714\" \/><input type=\"hidden\" name=\"_wpcf7_version\" value=\"6.1\" \/><input type=\"hidden\" name=\"_wpcf7_locale\" value=\"tr_TR\" \/><input type=\"hidden\" name=\"_wpcf7_unit_tag\" value=\"wpcf7-f8714-o1\" \/><input type=\"hidden\" name=\"_wpcf7_container_post\" value=\"0\" \/><input type=\"hidden\" name=\"_wpcf7_posted_data_hash\" value=\"\" \/>\n<\/fieldset>\n<label> Ad\u0131n\u0131z\n    <span class=\"wpcf7-form-control-wrap\" data-name=\"your-name\"><input size=\"40\" maxlength=\"400\" class=\"wpcf7-form-control wpcf7-text wpcf7-validates-as-required\" autocomplete=\"name\" aria-required=\"true\" aria-invalid=\"false\" value=\"\" type=\"text\" name=\"your-name\" \/><\/span> <\/label>\n\n<label> Your email\n    <span class=\"wpcf7-form-control-wrap\" data-name=\"your-email\"><input size=\"40\" maxlength=\"400\" class=\"wpcf7-form-control wpcf7-email wpcf7-validates-as-required wpcf7-text wpcf7-validates-as-email\" autocomplete=\"email\" aria-required=\"true\" aria-invalid=\"false\" value=\"\" type=\"email\" name=\"your-email\" \/><\/span> <\/label>\n\n<label> Ders\n    <span class=\"wpcf7-form-control-wrap\" data-name=\"your-subject\"><input size=\"40\" maxlength=\"400\" class=\"wpcf7-form-control wpcf7-text wpcf7-validates-as-required\" aria-required=\"true\" aria-invalid=\"false\" value=\"\" type=\"text\" name=\"your-subject\" \/><\/span> <\/label>\n\n<label> Mesaj\u0131n\u0131z (iste\u011fe ba\u011fl\u0131)\n    <span class=\"wpcf7-form-control-wrap\" data-name=\"your-message\"><textarea cols=\"40\" rows=\"10\" maxlength=\"2000\" class=\"wpcf7-form-control wpcf7-textarea\" aria-invalid=\"false\" name=\"your-message\"><\/textarea><\/span> <\/label>\n\n<button class=\"wpcf7-form-control wpcf7-submit qodef-button qodef-size--normal qodef-layout--filled qodef-m\" type=\"submit\"><span class=\"qodef-m-button-icon\"><svg class=\"qodef-svg--plus\" xmlns=\"http:\/\/www.w3.org\/2000\/svg\" xmlns:xlink=\"http:\/\/www.w3.org\/1999\/xlink\" width=\"14\" height=\"14\" viewBox=\"0 0 14 14\"><path class=\"qodef-m-horizontal\" d=\"M0,0H14V2H0Z\" transform=\"translate(0 6)\" \/><path class=\"qodef-m-vertical\" d=\"M0,0H2V14H0Z\" transform=\"translate(6)\" \/><\/svg><\/span><span class=\"qodef-m-button-text\">G\u00f6ndermek<\/span><\/button><div class=\"wpcf7-response-output\" aria-hidden=\"true\"><\/div>\n<\/form>\n<\/div>\n\t\t\t<\/div>\n\t\t\t\t\t\t\t<\/div>\n\t\t\t\t<\/div>\n\t\t\t\t\t<\/div>\n\t\t<\/div>\n\t\t\t\t\t<\/div>\n\t\t<\/section>\n\t\t\t\t<\/div>\n\t\t","protected":false},"excerpt":{"rendered":"<p>Turgalat Uluslarasi Co. hangi hizmetleri sunar? Kapsaml\u0131 lojistik \u00e7\u00f6z\u00fcmleri sunuyoruz, bunlar aras\u0131nda hava, deniz, kara ve demiryolu kargo, depolama, tedarik zinciri y\u00f6netimi, g\u00fcmr\u00fck i\u015flemleri ve FMCG \u00e7\u00f6z\u00fcmleri bulunmaktad\u0131r. G\u00f6nderiniz i\u00e7in bir fiyat teklifi nas\u0131l alabilirim? G\u00f6nderiniz i\u00e7in bir fiyat teklifi almak i\u00e7in web sitemizdeki formu, e-postay\u0131 veya telefonu kullanarak bizimle ileti\u015fime ge\u00e7ebilirsiniz. L\u00fctfen g\u00f6nderinizle ilgili [&hellip;]<\/p>\n","protected":false},"author":1,"featured_media":0,"parent":0,"menu_order":0,"comment_status":"closed","ping_status":"closed","template":"","meta":{"footnotes":""},"class_list":["post-8620","page","type-page","status-publish","hentry"],"_links":{"self":[{"href":"https:\/\/turgalat.com.tr\/tr\/wp-json\/wp\/v2\/pages\/8620","targetHints":{"allow":["GET"]}}],"collection":[{"href":"https:\/\/turgalat.com.tr\/tr\/wp-json\/wp\/v2\/pages"}],"about":[{"href":"https:\/\/turgalat.com.tr\/tr\/wp-json\/wp\/v2\/types\/page"}],"author":[{"embeddable":true,"href":"https:\/\/turgalat.com.tr\/tr\/wp-json\/wp\/v2\/users\/1"}],"replies":[{"embeddable":true,"href":"https:\/\/turgalat.com.tr\/tr\/wp-json\/wp\/v2\/comments?post=8620"}],"version-history":[{"count":8,"href":"https:\/\/turgalat.com.tr\/tr\/wp-json\/wp\/v2\/pages\/8620\/revisions"}],"predecessor-version":[{"id":8628,"href":"https:\/\/turgalat.com.tr\/tr\/wp-json\/wp\/v2\/pages\/8620\/revisions\/8628"}],"wp:attachment":[{"href":"https:\/\/turgalat.com.tr\/tr\/wp-json\/wp\/v2\/media?parent=8620"}],"curies":[{"name":"wp","href":"https:\/\/api.w.org\/{rel}","templated":true}]}}