{"id":8598,"date":"2021-08-09T14:15:05","date_gmt":"2021-08-09T14:15:05","guid":{"rendered":"https:\/\/turgalat.com.tr\/kuresel-ag\/"},"modified":"2024-02-17T18:10:16","modified_gmt":"2024-02-17T18:10:16","slug":"global-network","status":"publish","type":"page","link":"https:\/\/turgalat.com.tr\/tr\/global-network\/","title":{"rendered":"K\u00fcresel A\u011f"},"content":{"rendered":"\t\t<div data-elementor-type=\"wp-page\" data-elementor-id=\"8598\" class=\"elementor elementor-8598 elementor-3193\">\n\t\t\t\t\t\t<section class=\"elementor-section elementor-top-section elementor-element elementor-element-466a360 elementor-section-full_width qodef-elementor-content-grid elementor-section-height-default elementor-section-height-default\" data-id=\"466a360\" data-element_type=\"section\">\n\t\t\t\t\t\t<div class=\"elementor-container elementor-column-gap-no\">\n\t\t\t\t\t<div class=\"elementor-column elementor-col-100 elementor-top-column elementor-element elementor-element-45b1c80\" data-id=\"45b1c80\" data-element_type=\"column\">\n\t\t\t<div class=\"elementor-widget-wrap elementor-element-populated\">\n\t\t\t\t\t\t<div class=\"elementor-element elementor-element-3589b86 elementor-widget elementor-widget-globefarer_core_section_title\" data-id=\"3589b86\" data-element_type=\"widget\" data-widget_type=\"globefarer_core_section_title.default\">\n\t\t\t\t<div class=\"elementor-widget-container\">\n\t\t\t\t\t<div class=\"qodef-shortcode qodef-m  qodef-section-title qodef-alignment--left   qodef-appear-animation--no\">\n\t\t\t<h2 class=\"qodef-m-title\" >\n\t\t\t\t\tBat\u0131 Avrupa\t\t\t<\/h2>\n\t\t<\/div>\n\t\t\t\t<\/div>\n\t\t\t\t<\/div>\n\t\t\t\t\t<\/div>\n\t\t<\/div>\n\t\t\t\t\t<\/div>\n\t\t<\/section>\n\t\t\t\t<section class=\"elementor-section elementor-top-section elementor-element elementor-element-12c292b elementor-section-full_width qodef-elementor-content-grid elementor-section-height-default elementor-section-height-default\" data-id=\"12c292b\" data-element_type=\"section\">\n\t\t\t\t\t\t<div class=\"elementor-container elementor-column-gap-no\">\n\t\t\t\t\t<div class=\"elementor-column elementor-col-100 elementor-top-column elementor-element elementor-element-0e08027\" data-id=\"0e08027\" data-element_type=\"column\">\n\t\t\t<div class=\"elementor-widget-wrap elementor-element-populated\">\n\t\t\t\t\t\t<div class=\"elementor-element elementor-element-4349deb elementor-widget elementor-widget-globefarer_core_linked_titles_grid\" data-id=\"4349deb\" data-element_type=\"widget\" data-widget_type=\"globefarer_core_linked_titles_grid.default\">\n\t\t\t\t<div class=\"elementor-widget-container\">\n\t\t\t\t\t<div class=\"qodef-shortcode qodef-m  qodef-linked-titles-grid qodef-grid qodef-layout--columns  qodef-gutter--medium qodef-col-num--4  qodef-responsive--predefined\" style=\"border-top: 1px solid;border-bottom: 1px solid;border-color: #1B1B1B59;padding-top: 40px\">\n\t<div class=\"qodef-grid-inner clear\">\n\t\t\t\t\t\t<div class=\"qodef-e qodef-linked-titles-grid-item qodef-grid-item \">\n\t\t\t\t\t<div class=\"qodef-e-inner\">\n\t\t\t\t\t\t\t\t\t\t\t\t\t<h4 class=\"qodef-e-title\">\n\t\t\t\t\t\t\t\t\t\t\t\t\t\t\t\t\t<a class=\"qodef-e-link\" itemprop=\"url\" href=\"#\" target=\"_self\">\n\t\t\t\t\t\t\t\t\t\t\t\t\t\t\t\tFransa\t\t\t\t\t\t\t\t\t\t\t\t\t\t\t\t\t<\/a>\n\t\t\t\t\t\t\t\t\t\t\t\t\t\t\t<\/h4>\n\t\t\t\t\t\t\t\t\t\t\t<\/div>\n\t\t\t\t<\/div>\n\t\t\t\t\t\t\t\t<div class=\"qodef-e qodef-linked-titles-grid-item qodef-grid-item \">\n\t\t\t\t\t<div class=\"qodef-e-inner\">\n\t\t\t\t\t\t\t\t\t\t\t\t\t<h4 class=\"qodef-e-title\">\n\t\t\t\t\t\t\t\t\t\t\t\t\t\t\t\t\t<a class=\"qodef-e-link\" itemprop=\"url\" href=\"#\" target=\"_self\">\n\t\t\t\t\t\t\t\t\t\t\t\t\t\t\t\tAlmanya\t\t\t\t\t\t\t\t\t\t\t\t\t\t\t\t\t<\/a>\n\t\t\t\t\t\t\t\t\t\t\t\t\t\t\t<\/h4>\n\t\t\t\t\t\t\t\t\t\t\t<\/div>\n\t\t\t\t<\/div>\n\t\t\t\t\t\t\t\t<div class=\"qodef-e qodef-linked-titles-grid-item qodef-grid-item \">\n\t\t\t\t\t<div class=\"qodef-e-inner\">\n\t\t\t\t\t\t\t\t\t\t\t\t\t<h4 class=\"qodef-e-title\">\n\t\t\t\t\t\t\t\t\t\t\t\t\t\t\t\t\t<a class=\"qodef-e-link\" itemprop=\"url\" href=\"#\" target=\"_self\">\n\t\t\t\t\t\t\t\t\t\t\t\t\t\t\t\tHollanda\t\t\t\t\t\t\t\t\t\t\t\t\t\t\t\t\t<\/a>\n\t\t\t\t\t\t\t\t\t\t\t\t\t\t\t<\/h4>\n\t\t\t\t\t\t\t\t\t\t\t<\/div>\n\t\t\t\t<\/div>\n\t\t\t\t\t\t\t\t<div class=\"qodef-e qodef-linked-titles-grid-item qodef-grid-item \">\n\t\t\t\t\t<div class=\"qodef-e-inner\">\n\t\t\t\t\t\t\t\t\t\t\t\t\t<h4 class=\"qodef-e-title\">\n\t\t\t\t\t\t\t\t\t\t\t\t\t\t\t\t\t<a class=\"qodef-e-link\" itemprop=\"url\" href=\"#\" target=\"_self\">\n\t\t\t\t\t\t\t\t\t\t\t\t\t\t\t\t\u0130rlanda\t\t\t\t\t\t\t\t\t\t\t\t\t\t\t\t\t<\/a>\n\t\t\t\t\t\t\t\t\t\t\t\t\t\t\t<\/h4>\n\t\t\t\t\t\t\t\t\t\t\t<\/div>\n\t\t\t\t<\/div>\n\t\t\t\t\t<\/div>\n<\/div>\n\t\t\t\t<\/div>\n\t\t\t\t<\/div>\n\t\t\t\t\t<\/div>\n\t\t<\/div>\n\t\t\t\t\t<\/div>\n\t\t<\/section>\n\t\t\t\t<section class=\"elementor-section elementor-top-section elementor-element elementor-element-2ce6b47 elementor-section-full_width qodef-elementor-content-grid elementor-section-height-default elementor-section-height-default\" data-id=\"2ce6b47\" data-element_type=\"section\">\n\t\t\t\t\t\t<div class=\"elementor-container elementor-column-gap-no\">\n\t\t\t\t\t<div class=\"elementor-column elementor-col-100 elementor-top-column elementor-element elementor-element-3f0ff6f\" data-id=\"3f0ff6f\" data-element_type=\"column\">\n\t\t\t<div class=\"elementor-widget-wrap elementor-element-populated\">\n\t\t\t\t\t\t<div class=\"elementor-element elementor-element-6f8dc0f elementor-widget elementor-widget-globefarer_core_section_title\" data-id=\"6f8dc0f\" data-element_type=\"widget\" data-widget_type=\"globefarer_core_section_title.default\">\n\t\t\t\t<div class=\"elementor-widget-container\">\n\t\t\t\t\t<div class=\"qodef-shortcode qodef-m  qodef-section-title qodef-alignment--left   qodef-appear-animation--no\">\n\t\t\t<h2 class=\"qodef-m-title\" >\n\t\t\t\t\tOrta Do\u011fu\t\t\t<\/h2>\n\t\t<\/div>\n\t\t\t\t<\/div>\n\t\t\t\t<\/div>\n\t\t\t\t\t<\/div>\n\t\t<\/div>\n\t\t\t\t\t<\/div>\n\t\t<\/section>\n\t\t\t\t<section class=\"elementor-section elementor-top-section elementor-element elementor-element-e5402b1 elementor-section-full_width qodef-elementor-content-grid elementor-section-height-default elementor-section-height-default\" data-id=\"e5402b1\" data-element_type=\"section\">\n\t\t\t\t\t\t<div class=\"elementor-container elementor-column-gap-no\">\n\t\t\t\t\t<div class=\"elementor-column elementor-col-100 elementor-top-column elementor-element elementor-element-0c8775d\" data-id=\"0c8775d\" data-element_type=\"column\">\n\t\t\t<div class=\"elementor-widget-wrap elementor-element-populated\">\n\t\t\t\t\t\t<div class=\"elementor-element elementor-element-4a4e7d4 elementor-widget elementor-widget-globefarer_core_linked_titles_grid\" data-id=\"4a4e7d4\" data-element_type=\"widget\" data-widget_type=\"globefarer_core_linked_titles_grid.default\">\n\t\t\t\t<div class=\"elementor-widget-container\">\n\t\t\t\t\t<div class=\"qodef-shortcode qodef-m  qodef-linked-titles-grid qodef-grid qodef-layout--columns  qodef-gutter--medium qodef-col-num--4  qodef-responsive--predefined\" style=\"border-top: 1px solid;border-bottom: 1px solid;border-color: #1B1B1B59;padding-top: 40px\">\n\t<div class=\"qodef-grid-inner clear\">\n\t\t\t\t\t\t<div class=\"qodef-e qodef-linked-titles-grid-item qodef-grid-item \">\n\t\t\t\t\t<div class=\"qodef-e-inner\">\n\t\t\t\t\t\t\t\t\t\t\t\t\t<h4 class=\"qodef-e-title\">\n\t\t\t\t\t\t\t\t\t\t\t\t\t\t\t\t\t<a class=\"qodef-e-link\" itemprop=\"url\" href=\"#\" target=\"_self\">\n\t\t\t\t\t\t\t\t\t\t\t\t\t\t\t\tSuudi Arabistan\t\t\t\t\t\t\t\t\t\t\t\t\t\t\t\t\t<\/a>\n\t\t\t\t\t\t\t\t\t\t\t\t\t\t\t<\/h4>\n\t\t\t\t\t\t\t\t\t\t\t<\/div>\n\t\t\t\t<\/div>\n\t\t\t\t\t\t\t\t<div class=\"qodef-e qodef-linked-titles-grid-item qodef-grid-item \">\n\t\t\t\t\t<div class=\"qodef-e-inner\">\n\t\t\t\t\t\t\t\t\t\t\t\t\t<h4 class=\"qodef-e-title\">\n\t\t\t\t\t\t\t\t\t\t\t\t\t\t\t\t\t<a class=\"qodef-e-link\" itemprop=\"url\" href=\"#\" target=\"_self\">\n\t\t\t\t\t\t\t\t\t\t\t\t\t\t\t\tBirle\u015fik Arap Emirlikleri\t\t\t\t\t\t\t\t\t\t\t\t\t\t\t\t\t<\/a>\n\t\t\t\t\t\t\t\t\t\t\t\t\t\t\t<\/h4>\n\t\t\t\t\t\t\t\t\t\t\t<\/div>\n\t\t\t\t<\/div>\n\t\t\t\t\t\t\t\t<div class=\"qodef-e qodef-linked-titles-grid-item qodef-grid-item \">\n\t\t\t\t\t<div class=\"qodef-e-inner\">\n\t\t\t\t\t\t\t\t\t\t\t\t\t<h4 class=\"qodef-e-title\">\n\t\t\t\t\t\t\t\t\t\t\t\t\t\t\t\t\t<a class=\"qodef-e-link\" itemprop=\"url\" href=\"#\" target=\"_self\">\n\t\t\t\t\t\t\t\t\t\t\t\t\t\t\t\tT\u00fcrkiye\t\t\t\t\t\t\t\t\t\t\t\t\t\t\t\t\t<\/a>\n\t\t\t\t\t\t\t\t\t\t\t\t\t\t\t<\/h4>\n\t\t\t\t\t\t\t\t\t\t\t<\/div>\n\t\t\t\t<\/div>\n\t\t\t\t\t<\/div>\n<\/div>\n\t\t\t\t<\/div>\n\t\t\t\t<\/div>\n\t\t\t\t\t<\/div>\n\t\t<\/div>\n\t\t\t\t\t<\/div>\n\t\t<\/section>\n\t\t\t\t<section class=\"elementor-section elementor-top-section elementor-element elementor-element-0bcdc9a elementor-section-full_width qodef-elementor-content-grid elementor-section-height-default elementor-section-height-default\" data-id=\"0bcdc9a\" data-element_type=\"section\">\n\t\t\t\t\t\t<div class=\"elementor-container elementor-column-gap-no\">\n\t\t\t\t\t<div class=\"elementor-column elementor-col-100 elementor-top-column elementor-element elementor-element-871e26b\" data-id=\"871e26b\" data-element_type=\"column\">\n\t\t\t<div class=\"elementor-widget-wrap elementor-element-populated\">\n\t\t\t\t\t\t<div class=\"elementor-element elementor-element-57ee47b elementor-widget elementor-widget-globefarer_core_section_title\" data-id=\"57ee47b\" data-element_type=\"widget\" data-widget_type=\"globefarer_core_section_title.default\">\n\t\t\t\t<div class=\"elementor-widget-container\">\n\t\t\t\t\t<div class=\"qodef-shortcode qodef-m  qodef-section-title qodef-alignment--left   qodef-appear-animation--no\">\n\t\t\t<h2 class=\"qodef-m-title\" >\n\t\t\t\t\tAfrika\t\t\t<\/h2>\n\t\t<\/div>\n\t\t\t\t<\/div>\n\t\t\t\t<\/div>\n\t\t\t\t\t<\/div>\n\t\t<\/div>\n\t\t\t\t\t<\/div>\n\t\t<\/section>\n\t\t\t\t<section class=\"elementor-section elementor-top-section elementor-element elementor-element-88045a2 elementor-section-full_width qodef-elementor-content-grid elementor-section-height-default elementor-section-height-default\" data-id=\"88045a2\" data-element_type=\"section\">\n\t\t\t\t\t\t<div class=\"elementor-container elementor-column-gap-no\">\n\t\t\t\t\t<div class=\"elementor-column elementor-col-100 elementor-top-column elementor-element elementor-element-4743220\" data-id=\"4743220\" data-element_type=\"column\">\n\t\t\t<div class=\"elementor-widget-wrap elementor-element-populated\">\n\t\t\t\t\t\t<div class=\"elementor-element elementor-element-6f67554 elementor-widget elementor-widget-globefarer_core_linked_titles_grid\" data-id=\"6f67554\" data-element_type=\"widget\" data-widget_type=\"globefarer_core_linked_titles_grid.default\">\n\t\t\t\t<div class=\"elementor-widget-container\">\n\t\t\t\t\t<div class=\"qodef-shortcode qodef-m  qodef-linked-titles-grid qodef-grid qodef-layout--columns  qodef-gutter--medium qodef-col-num--4  qodef-responsive--predefined\" style=\"border-top: 1px solid;border-bottom: 1px solid;border-color: #1B1B1B59;padding-top: 40px\">\n\t<div class=\"qodef-grid-inner clear\">\n\t\t\t\t\t\t<div class=\"qodef-e qodef-linked-titles-grid-item qodef-grid-item \">\n\t\t\t\t\t<div class=\"qodef-e-inner\">\n\t\t\t\t\t\t\t\t\t\t\t\t\t<h4 class=\"qodef-e-title\">\n\t\t\t\t\t\t\t\t\t\t\t\t\t\t\t\t\t<a class=\"qodef-e-link\" itemprop=\"url\" href=\"#\" target=\"_self\">\n\t\t\t\t\t\t\t\t\t\t\t\t\t\t\t\tG\u00fcney Afrika\t\t\t\t\t\t\t\t\t\t\t\t\t\t\t\t\t<\/a>\n\t\t\t\t\t\t\t\t\t\t\t\t\t\t\t<\/h4>\n\t\t\t\t\t\t\t\t\t\t\t<\/div>\n\t\t\t\t<\/div>\n\t\t\t\t\t\t\t\t<div class=\"qodef-e qodef-linked-titles-grid-item qodef-grid-item \">\n\t\t\t\t\t<div class=\"qodef-e-inner\">\n\t\t\t\t\t\t\t\t\t\t\t\t\t<h4 class=\"qodef-e-title\">\n\t\t\t\t\t\t\t\t\t\t\t\t\t\t\t\t\t<a class=\"qodef-e-link\" itemprop=\"url\" href=\"#\" target=\"_self\">\n\t\t\t\t\t\t\t\t\t\t\t\t\t\t\t\tM\u0131s\u0131r\t\t\t\t\t\t\t\t\t\t\t\t\t\t\t\t\t<\/a>\n\t\t\t\t\t\t\t\t\t\t\t\t\t\t\t<\/h4>\n\t\t\t\t\t\t\t\t\t\t\t<\/div>\n\t\t\t\t<\/div>\n\t\t\t\t\t\t\t\t<div class=\"qodef-e qodef-linked-titles-grid-item qodef-grid-item \">\n\t\t\t\t\t<div class=\"qodef-e-inner\">\n\t\t\t\t\t\t\t\t\t\t\t\t\t<h4 class=\"qodef-e-title\">\n\t\t\t\t\t\t\t\t\t\t\t\t\t\t\t\t\t<a class=\"qodef-e-link\" itemprop=\"url\" href=\"#\" target=\"_self\">\n\t\t\t\t\t\t\t\t\t\t\t\t\t\t\t\tNijerya\t\t\t\t\t\t\t\t\t\t\t\t\t\t\t\t\t<\/a>\n\t\t\t\t\t\t\t\t\t\t\t\t\t\t\t<\/h4>\n\t\t\t\t\t\t\t\t\t\t\t<\/div>\n\t\t\t\t<\/div>\n\t\t\t\t\t\t\t\t<div class=\"qodef-e qodef-linked-titles-grid-item qodef-grid-item \">\n\t\t\t\t\t<div class=\"qodef-e-inner\">\n\t\t\t\t\t\t\t\t\t\t\t\t\t<h4 class=\"qodef-e-title\">\n\t\t\t\t\t\t\t\t\t\t\t\t\t\t\t\t\t<a class=\"qodef-e-link\" itemprop=\"url\" href=\"#\" target=\"_self\">\n\t\t\t\t\t\t\t\t\t\t\t\t\t\t\t\tKenya Fas\t\t\t\t\t\t\t\t\t\t\t\t\t\t\t\t\t<\/a>\n\t\t\t\t\t\t\t\t\t\t\t\t\t\t\t<\/h4>\n\t\t\t\t\t\t\t\t\t\t\t<\/div>\n\t\t\t\t<\/div>\n\t\t\t\t\t\t\t\t<div class=\"qodef-e qodef-linked-titles-grid-item qodef-grid-item \">\n\t\t\t\t\t<div class=\"qodef-e-inner\">\n\t\t\t\t\t\t\t\t\t\t\t\t\t<h4 class=\"qodef-e-title\">\n\t\t\t\t\t\t\t\t\t\t\t\t\t\t\t\t\t<a class=\"qodef-e-link\" itemprop=\"url\" href=\"#\" target=\"_self\">\n\t\t\t\t\t\t\t\t\t\t\t\t\t\t\t\tGana\t\t\t\t\t\t\t\t\t\t\t\t\t\t\t\t\t<\/a>\n\t\t\t\t\t\t\t\t\t\t\t\t\t\t\t<\/h4>\n\t\t\t\t\t\t\t\t\t\t\t<\/div>\n\t\t\t\t<\/div>\n\t\t\t\t\t\t\t\t<div class=\"qodef-e qodef-linked-titles-grid-item qodef-grid-item \">\n\t\t\t\t\t<div class=\"qodef-e-inner\">\n\t\t\t\t\t\t\t\t\t\t\t\t\t<h4 class=\"qodef-e-title\">\n\t\t\t\t\t\t\t\t\t\t\t\t\t\t\t\t\t<a class=\"qodef-e-link\" itemprop=\"url\" href=\"#\" target=\"_self\">\n\t\t\t\t\t\t\t\t\t\t\t\t\t\t\t\tTanzanya\t\t\t\t\t\t\t\t\t\t\t\t\t\t\t\t\t<\/a>\n\t\t\t\t\t\t\t\t\t\t\t\t\t\t\t<\/h4>\n\t\t\t\t\t\t\t\t\t\t\t<\/div>\n\t\t\t\t<\/div>\n\t\t\t\t\t\t\t\t<div class=\"qodef-e qodef-linked-titles-grid-item qodef-grid-item \">\n\t\t\t\t\t<div class=\"qodef-e-inner\">\n\t\t\t\t\t\t\t\t\t\t\t\t\t<h4 class=\"qodef-e-title\">\n\t\t\t\t\t\t\t\t\t\t\t\t\t\t\t\t\t<a class=\"qodef-e-link\" itemprop=\"url\" href=\"#\" target=\"_self\">\n\t\t\t\t\t\t\t\t\t\t\t\t\t\t\t\tCezayir\t\t\t\t\t\t\t\t\t\t\t\t\t\t\t\t\t<\/a>\n\t\t\t\t\t\t\t\t\t\t\t\t\t\t\t<\/h4>\n\t\t\t\t\t\t\t\t\t\t\t<\/div>\n\t\t\t\t<\/div>\n\t\t\t\t\t<\/div>\n<\/div>\n\t\t\t\t<\/div>\n\t\t\t\t<\/div>\n\t\t\t\t\t<\/div>\n\t\t<\/div>\n\t\t\t\t\t<\/div>\n\t\t<\/section>\n\t\t\t\t<section class=\"elementor-section elementor-top-section elementor-element elementor-element-6ba0046 elementor-section-full_width qodef-elementor-content-grid elementor-section-height-default elementor-section-height-default\" data-id=\"6ba0046\" data-element_type=\"section\">\n\t\t\t\t\t\t<div class=\"elementor-container elementor-column-gap-no\">\n\t\t\t\t\t<div class=\"elementor-column elementor-col-100 elementor-top-column elementor-element elementor-element-d7c50dd\" data-id=\"d7c50dd\" data-element_type=\"column\">\n\t\t\t<div class=\"elementor-widget-wrap elementor-element-populated\">\n\t\t\t\t\t\t<div class=\"elementor-element elementor-element-3d306f0 elementor-widget elementor-widget-globefarer_core_section_title\" data-id=\"3d306f0\" data-element_type=\"widget\" data-widget_type=\"globefarer_core_section_title.default\">\n\t\t\t\t<div class=\"elementor-widget-container\">\n\t\t\t\t\t<div class=\"qodef-shortcode qodef-m  qodef-section-title qodef-alignment--left   qodef-appear-animation--no\">\n\t\t\t<h2 class=\"qodef-m-title\" >\n\t\t\t\t\tAsya Pasifik\t\t\t<\/h2>\n\t\t<\/div>\n\t\t\t\t<\/div>\n\t\t\t\t<\/div>\n\t\t\t\t\t<\/div>\n\t\t<\/div>\n\t\t\t\t\t<\/div>\n\t\t<\/section>\n\t\t\t\t<section class=\"elementor-section elementor-top-section elementor-element elementor-element-687243c elementor-section-full_width qodef-elementor-content-grid elementor-section-height-default elementor-section-height-default\" data-id=\"687243c\" data-element_type=\"section\">\n\t\t\t\t\t\t<div class=\"elementor-container elementor-column-gap-no\">\n\t\t\t\t\t<div class=\"elementor-column elementor-col-100 elementor-top-column elementor-element elementor-element-5e465d8\" data-id=\"5e465d8\" data-element_type=\"column\">\n\t\t\t<div class=\"elementor-widget-wrap elementor-element-populated\">\n\t\t\t\t\t\t<div class=\"elementor-element elementor-element-cba01bf elementor-widget elementor-widget-globefarer_core_linked_titles_grid\" data-id=\"cba01bf\" data-element_type=\"widget\" data-widget_type=\"globefarer_core_linked_titles_grid.default\">\n\t\t\t\t<div class=\"elementor-widget-container\">\n\t\t\t\t\t<div class=\"qodef-shortcode qodef-m  qodef-linked-titles-grid qodef-grid qodef-layout--columns  qodef-gutter--medium qodef-col-num--4  qodef-responsive--predefined\" style=\"border-top: 1px solid;border-bottom: 1px solid;border-color: #1B1B1B59;padding-top: 40px\">\n\t<div class=\"qodef-grid-inner clear\">\n\t\t\t\t\t\t<div class=\"qodef-e qodef-linked-titles-grid-item qodef-grid-item \">\n\t\t\t\t\t<div class=\"qodef-e-inner\">\n\t\t\t\t\t\t\t\t\t\t\t\t\t<h4 class=\"qodef-e-title\">\n\t\t\t\t\t\t\t\t\t\t\t\t\t\t\t\t\t<a class=\"qodef-e-link\" itemprop=\"url\" href=\"#\" target=\"_self\">\n\t\t\t\t\t\t\t\t\t\t\t\t\t\t\t\tAvustralya\t\t\t\t\t\t\t\t\t\t\t\t\t\t\t\t\t<\/a>\n\t\t\t\t\t\t\t\t\t\t\t\t\t\t\t<\/h4>\n\t\t\t\t\t\t\t\t\t\t\t<\/div>\n\t\t\t\t<\/div>\n\t\t\t\t\t\t\t\t<div class=\"qodef-e qodef-linked-titles-grid-item qodef-grid-item \">\n\t\t\t\t\t<div class=\"qodef-e-inner\">\n\t\t\t\t\t\t\t\t\t\t\t\t\t<h4 class=\"qodef-e-title\">\n\t\t\t\t\t\t\t\t\t\t\t\t\t\t\t\t\t<a class=\"qodef-e-link\" itemprop=\"url\" href=\"#\" target=\"_self\">\n\t\t\t\t\t\t\t\t\t\t\t\t\t\t\t\tEndonezya\t\t\t\t\t\t\t\t\t\t\t\t\t\t\t\t\t<\/a>\n\t\t\t\t\t\t\t\t\t\t\t\t\t\t\t<\/h4>\n\t\t\t\t\t\t\t\t\t\t\t<\/div>\n\t\t\t\t<\/div>\n\t\t\t\t\t\t\t\t<div class=\"qodef-e qodef-linked-titles-grid-item qodef-grid-item \">\n\t\t\t\t\t<div class=\"qodef-e-inner\">\n\t\t\t\t\t\t\t\t\t\t\t\t\t<h4 class=\"qodef-e-title\">\n\t\t\t\t\t\t\t\t\t\t\t\t\t\t\t\t\t<a class=\"qodef-e-link\" itemprop=\"url\" href=\"#\" target=\"_self\">\n\t\t\t\t\t\t\t\t\t\t\t\t\t\t\t\tYeni Zelanda\t\t\t\t\t\t\t\t\t\t\t\t\t\t\t\t\t<\/a>\n\t\t\t\t\t\t\t\t\t\t\t\t\t\t\t<\/h4>\n\t\t\t\t\t\t\t\t\t\t\t<\/div>\n\t\t\t\t<\/div>\n\t\t\t\t\t\t\t\t<div class=\"qodef-e qodef-linked-titles-grid-item qodef-grid-item \">\n\t\t\t\t\t<div class=\"qodef-e-inner\">\n\t\t\t\t\t\t\t\t\t\t\t\t\t<h4 class=\"qodef-e-title\">\n\t\t\t\t\t\t\t\t\t\t\t\t\t\t\t\t\t<a class=\"qodef-e-link\" itemprop=\"url\" href=\"#\" target=\"_self\">\n\t\t\t\t\t\t\t\t\t\t\t\t\t\t\t\tSingapur\t\t\t\t\t\t\t\t\t\t\t\t\t\t\t\t\t<\/a>\n\t\t\t\t\t\t\t\t\t\t\t\t\t\t\t<\/h4>\n\t\t\t\t\t\t\t\t\t\t\t<\/div>\n\t\t\t\t<\/div>\n\t\t\t\t\t\t\t\t<div class=\"qodef-e qodef-linked-titles-grid-item qodef-grid-item \">\n\t\t\t\t\t<div class=\"qodef-e-inner\">\n\t\t\t\t\t\t\t\t\t\t\t\t\t<h4 class=\"qodef-e-title\">\n\t\t\t\t\t\t\t\t\t\t\t\t\t\t\t\t\t<a class=\"qodef-e-link\" itemprop=\"url\" href=\"#\" target=\"_self\">\n\t\t\t\t\t\t\t\t\t\t\t\t\t\t\t\t\u00c7in\t\t\t\t\t\t\t\t\t\t\t\t\t\t\t\t\t<\/a>\n\t\t\t\t\t\t\t\t\t\t\t\t\t\t\t<\/h4>\n\t\t\t\t\t\t\t\t\t\t\t<\/div>\n\t\t\t\t<\/div>\n\t\t\t\t\t\t\t\t<div class=\"qodef-e qodef-linked-titles-grid-item qodef-grid-item \">\n\t\t\t\t\t<div class=\"qodef-e-inner\">\n\t\t\t\t\t\t\t\t\t\t\t\t\t<h4 class=\"qodef-e-title\">\n\t\t\t\t\t\t\t\t\t\t\t\t\t\t\t\t\t<a class=\"qodef-e-link\" itemprop=\"url\" href=\"#\" target=\"_self\">\n\t\t\t\t\t\t\t\t\t\t\t\t\t\t\t\tTayland\t\t\t\t\t\t\t\t\t\t\t\t\t\t\t\t\t<\/a>\n\t\t\t\t\t\t\t\t\t\t\t\t\t\t\t<\/h4>\n\t\t\t\t\t\t\t\t\t\t\t<\/div>\n\t\t\t\t<\/div>\n\t\t\t\t\t\t\t\t<div class=\"qodef-e qodef-linked-titles-grid-item qodef-grid-item \">\n\t\t\t\t\t<div class=\"qodef-e-inner\">\n\t\t\t\t\t\t\t\t\t\t\t\t\t<h4 class=\"qodef-e-title\">\n\t\t\t\t\t\t\t\t\t\t\t\t\t\t\t\t\t<a class=\"qodef-e-link\" itemprop=\"url\" href=\"#\" target=\"_self\">\n\t\t\t\t\t\t\t\t\t\t\t\t\t\t\t\tJaponya\t\t\t\t\t\t\t\t\t\t\t\t\t\t\t\t\t<\/a>\n\t\t\t\t\t\t\t\t\t\t\t\t\t\t\t<\/h4>\n\t\t\t\t\t\t\t\t\t\t\t<\/div>\n\t\t\t\t<\/div>\n\t\t\t\t\t\t\t\t<div class=\"qodef-e qodef-linked-titles-grid-item qodef-grid-item \">\n\t\t\t\t\t<div class=\"qodef-e-inner\">\n\t\t\t\t\t\t\t\t\t\t\t\t\t<h4 class=\"qodef-e-title\">\n\t\t\t\t\t\t\t\t\t\t\t\t\t\t\t\t\t<a class=\"qodef-e-link\" itemprop=\"url\" href=\"#\" target=\"_self\">\n\t\t\t\t\t\t\t\t\t\t\t\t\t\t\t\tKore\t\t\t\t\t\t\t\t\t\t\t\t\t\t\t\t\t<\/a>\n\t\t\t\t\t\t\t\t\t\t\t\t\t\t\t<\/h4>\n\t\t\t\t\t\t\t\t\t\t\t<\/div>\n\t\t\t\t<\/div>\n\t\t\t\t\t\t\t\t<div class=\"qodef-e qodef-linked-titles-grid-item qodef-grid-item \">\n\t\t\t\t\t<div class=\"qodef-e-inner\">\n\t\t\t\t\t\t\t\t\t\t\t\t\t<h4 class=\"qodef-e-title\">\n\t\t\t\t\t\t\t\t\t\t\t\t\t\t\t\t\t<a class=\"qodef-e-link\" itemprop=\"url\" href=\"#\" target=\"_self\">\n\t\t\t\t\t\t\t\t\t\t\t\t\t\t\t\tMalezya\t\t\t\t\t\t\t\t\t\t\t\t\t\t\t\t\t<\/a>\n\t\t\t\t\t\t\t\t\t\t\t\t\t\t\t<\/h4>\n\t\t\t\t\t\t\t\t\t\t\t<\/div>\n\t\t\t\t<\/div>\n\t\t\t\t\t\t\t\t<div class=\"qodef-e qodef-linked-titles-grid-item qodef-grid-item \">\n\t\t\t\t\t<div class=\"qodef-e-inner\">\n\t\t\t\t\t\t\t\t\t\t\t\t\t<h4 class=\"qodef-e-title\">\n\t\t\t\t\t\t\t\t\t\t\t\t\t\t\t\t\t<a class=\"qodef-e-link\" itemprop=\"url\" href=\"#\" target=\"_self\">\n\t\t\t\t\t\t\t\t\t\t\t\t\t\t\t\tHindistan\t\t\t\t\t\t\t\t\t\t\t\t\t\t\t\t\t<\/a>\n\t\t\t\t\t\t\t\t\t\t\t\t\t\t\t<\/h4>\n\t\t\t\t\t\t\t\t\t\t\t<\/div>\n\t\t\t\t<\/div>\n\t\t\t\t\t\t\t\t<div class=\"qodef-e qodef-linked-titles-grid-item qodef-grid-item \">\n\t\t\t\t\t<div class=\"qodef-e-inner\">\n\t\t\t\t\t\t\t\t\t\t\t\t\t<h4 class=\"qodef-e-title\">\n\t\t\t\t\t\t\t\t\t\t\t\t\t\t\t\t\t<a class=\"qodef-e-link\" itemprop=\"url\" href=\"#\" target=\"_self\">\n\t\t\t\t\t\t\t\t\t\t\t\t\t\t\t\tHong Kong\t\t\t\t\t\t\t\t\t\t\t\t\t\t\t\t\t<\/a>\n\t\t\t\t\t\t\t\t\t\t\t\t\t\t\t<\/h4>\n\t\t\t\t\t\t\t\t\t\t\t<\/div>\n\t\t\t\t<\/div>\n\t\t\t\t\t<\/div>\n<\/div>\n\t\t\t\t<\/div>\n\t\t\t\t<\/div>\n\t\t\t\t\t<\/div>\n\t\t<\/div>\n\t\t\t\t\t<\/div>\n\t\t<\/section>\n\t\t\t\t<section class=\"elementor-section elementor-top-section elementor-element elementor-element-fe96ddd qodef-elementor-content-grid elementor-section-full_width elementor-section-height-default elementor-section-height-default\" data-id=\"fe96ddd\" data-element_type=\"section\">\n\t\t\t\t\t\t<div class=\"elementor-container elementor-column-gap-no\">\n\t\t\t\t\t<div class=\"elementor-column elementor-col-100 elementor-top-column elementor-element elementor-element-8f58e7c\" data-id=\"8f58e7c\" data-element_type=\"column\">\n\t\t\t<div class=\"elementor-widget-wrap elementor-element-populated\">\n\t\t\t\t\t\t<div class=\"elementor-element elementor-element-50ffd64 elementor-widget elementor-widget-globefarer_core_single_image\" data-id=\"50ffd64\" data-element_type=\"widget\" data-widget_type=\"globefarer_core_single_image.default\">\n\t\t\t\t<div class=\"elementor-widget-container\">\n\t\t\t\t\t<div class=\"qodef-shortcode qodef-m  qodef-single-image qodef-layout--default qodef-appear-animation--no  \">\n\t\t<div class=\"qodef-m-image\">\n\t\t\t\t\t<img fetchpriority=\"high\" decoding=\"async\" width=\"1400\" height=\"700\" src=\"https:\/\/turgalat.com.tr\/wp-content\/uploads\/2021\/08\/air-home-map.gif\" class=\"attachment-full size-full\" alt=\"f\" \/>\t\t\t<\/div>\n<\/div>\n\t\t\t\t<\/div>\n\t\t\t\t<\/div>\n\t\t\t\t\t<\/div>\n\t\t<\/div>\n\t\t\t\t\t<\/div>\n\t\t<\/section>\n\t\t\t\t<\/div>\n\t\t","protected":false},"excerpt":{"rendered":"<p>Bat\u0131 Avrupa Fransa Almanya Hollanda \u0130rlanda Orta Do\u011fu Suudi Arabistan Birle\u015fik Arap Emirlikleri T\u00fcrkiye Afrika G\u00fcney Afrika M\u0131s\u0131r Nijerya Kenya Fas Gana Tanzanya Cezayir Asya Pasifik Avustralya Endonezya Yeni Zelanda Singapur \u00c7in Tayland Japonya Kore Malezya Hindistan Hong Kong<\/p>\n","protected":false},"author":1,"featured_media":0,"parent":0,"menu_order":0,"comment_status":"closed","ping_status":"closed","template":"page-full-width.php","meta":{"footnotes":""},"class_list":["post-8598","page","type-page","status-publish","hentry"],"_links":{"self":[{"href":"https:\/\/turgalat.com.tr\/tr\/wp-json\/wp\/v2\/pages\/8598","targetHints":{"allow":["GET"]}}],"collection":[{"href":"https:\/\/turgalat.com.tr\/tr\/wp-json\/wp\/v2\/pages"}],"about":[{"href":"https:\/\/turgalat.com.tr\/tr\/wp-json\/wp\/v2\/types\/page"}],"author":[{"embeddable":true,"href":"https:\/\/turgalat.com.tr\/tr\/wp-json\/wp\/v2\/users\/1"}],"replies":[{"embeddable":true,"href":"https:\/\/turgalat.com.tr\/tr\/wp-json\/wp\/v2\/comments?post=8598"}],"version-history":[{"count":6,"href":"https:\/\/turgalat.com.tr\/tr\/wp-json\/wp\/v2\/pages\/8598\/revisions"}],"predecessor-version":[{"id":8604,"href":"https:\/\/turgalat.com.tr\/tr\/wp-json\/wp\/v2\/pages\/8598\/revisions\/8604"}],"wp:attachment":[{"href":"https:\/\/turgalat.com.tr\/tr\/wp-json\/wp\/v2\/media?parent=8598"}],"curies":[{"name":"wp","href":"https:\/\/api.w.org\/{rel}","templated":true}]}}