{"id":8589,"date":"2021-08-09T14:36:54","date_gmt":"2021-08-09T14:36:54","guid":{"rendered":"https:\/\/turgalat.com.tr\/iletisime-gecin\/"},"modified":"2024-02-17T21:56:48","modified_gmt":"2024-02-17T21:56:48","slug":"get-in-touch","status":"publish","type":"page","link":"https:\/\/turgalat.com.tr\/tr\/get-in-touch\/","title":{"rendered":"\u0130leti\u015fime Ge\u00e7in"},"content":{"rendered":"\t\t<div data-elementor-type=\"wp-page\" data-elementor-id=\"8589\" class=\"elementor elementor-8589 elementor-3235\">\n\t\t\t\t<div class=\"elementor-element elementor-element-b83459b e-flex e-con-boxed e-con e-parent\" data-id=\"b83459b\" data-element_type=\"container\">\n\t\t\t\t\t<div class=\"e-con-inner\">\n\t\t\t\t<div class=\"elementor-element elementor-element-9f2c39b elementor-widget elementor-widget-qi_addons_for_elementor_animated_text\" data-id=\"9f2c39b\" data-element_type=\"widget\" data-widget_type=\"qi_addons_for_elementor_animated_text.default\">\n\t\t\t\t<div class=\"elementor-widget-container\">\n\t\t\t\t\t<div class=\"qodef-shortcode qodef-m qodef-qi-animated-text qodef--animated-by-letter qodef-qi--has-appear qodef--appear-from-left\" data-appear-delay=\"100\">\n\t\t<h2 class=\"qodef-m-title\">\n\t\t<span class=\"qodef-e-word-holder\">Turgalat<\/span> <span class=\"qodef-e-word-holder\">Uluslarasi<\/span> <span class=\"qodef-e-word-holder\">Co.<\/span> <span class=\"qodef-e-word-holder\">ile<\/span> <span class=\"qodef-e-word-holder\">ileti\u015fime<\/span> <span class=\"qodef-e-word-holder\">ge\u00e7in.<\/span>\t<\/h2>\n<\/div>\n\t\t\t\t<\/div>\n\t\t\t\t<\/div>\n\t\t\t\t\t<\/div>\n\t\t\t\t<\/div>\n\t\t<div class=\"elementor-element elementor-element-54690a8 e-flex e-con-boxed e-con e-parent\" data-id=\"54690a8\" data-element_type=\"container\">\n\t\t\t\t\t<div class=\"e-con-inner\">\n\t\t\t\t<div class=\"elementor-element elementor-element-8d752bb elementor-widget elementor-widget-spacer\" data-id=\"8d752bb\" data-element_type=\"widget\" data-widget_type=\"spacer.default\">\n\t\t\t\t<div class=\"elementor-widget-container\">\n\t\t\t\t\t\t\t<div class=\"elementor-spacer\">\n\t\t\t<div class=\"elementor-spacer-inner\"><\/div>\n\t\t<\/div>\n\t\t\t\t\t\t<\/div>\n\t\t\t\t<\/div>\n\t\t\t\t\t<\/div>\n\t\t\t\t<\/div>\n\t\t\t\t<section class=\"elementor-section elementor-top-section elementor-element elementor-element-d3db1c5 elementor-section-full_width qodef-elementor-content-grid elementor-section-height-default elementor-section-height-default\" data-id=\"d3db1c5\" data-element_type=\"section\">\n\t\t\t\t\t\t<div class=\"elementor-container elementor-column-gap-no\">\n\t\t\t\t\t<div class=\"elementor-column elementor-col-50 elementor-top-column elementor-element elementor-element-425ca96\" data-id=\"425ca96\" data-element_type=\"column\">\n\t\t\t<div class=\"elementor-widget-wrap elementor-element-populated\">\n\t\t\t\t\t\t<div class=\"elementor-element elementor-element-8dcb04c elementor-widget__width-initial elementor-widget-mobile__width-inherit elementor-widget elementor-widget-globefarer_core_contact_info\" data-id=\"8dcb04c\" data-element_type=\"widget\" data-widget_type=\"globefarer_core_contact_info.default\">\n\t\t\t\t<div class=\"elementor-widget-container\">\n\t\t\t\t\t<div class=\"qodef-shortcode qodef-m  qodef-contact-info qodef-layout--type-1 \">\n\t\t<h4 class=\"qodef-m-title\">\tMerkez\t<\/h4>\t<div class=\"qodef-m-phone\">\n\t\t\t\t<h2 class=\"qodef-m-phone-item\">\t<a itemprop=\"telephone\" href=\"tel:+2123660215\">\n\t\t+212 366 02 15\t<\/a>\n\t<\/h2>\t<\/div>\n\t<div class=\"qodef-m-address\">\n\t\t\t<h6 class=\"qodef-m-address-tagline\">\n\t\tKonumumuz\t<\/h6>\n\t<h5 class=\"qodef-m-address-item\">\t<a href=\"https:\/\/maps.app.goo.gl\/WWRipW25SR2FYLWH9\" target=\"_blank\" rel=\"noopener\">Esentepe Mah. B\u00fcy\u00fckdere Cad. Ferko Signature no:175\/7 \u0130\u00e7 Kap\u0131 No:12-BC 34394 \u015ei\u015fli-\u0130stanbul<\/a>\t<\/h5>\t<\/div>\n\t<div class=\"qodef-m-email\">\n\t\t\t<h6 class=\"qodef-m-email-tagline\">\n\t\tBize Yaz\u0131n\t<\/h6>\n\t<h5 class=\"qodef-m-email-item\">\t<a itemprop=\"email\" href=\"mailto:Info@turgalat.com.tr\">\n\t\tInfo@turgalat.com.tr\t<\/a>\n\t<\/h5>\t<\/div>\n<\/div>\n\t\t\t\t<\/div>\n\t\t\t\t<\/div>\n\t\t\t\t<div class=\"elementor-element elementor-element-d6d6738 elementor-widget elementor-widget-heading\" data-id=\"d6d6738\" data-element_type=\"widget\" data-widget_type=\"heading.default\">\n\t\t\t\t<div class=\"elementor-widget-container\">\n\t\t\t\t\t<h2 class=\"elementor-heading-title elementor-size-default\"><a href=\"mailto:Operations@turgalat.com.tr\"> Operations@turgalat.com.tr<\/a><\/h2>\t\t\t\t<\/div>\n\t\t\t\t<\/div>\n\t\t\t\t<div class=\"elementor-element elementor-element-317a11b elementor-widget elementor-widget-globefarer_core_separator\" data-id=\"317a11b\" data-element_type=\"widget\" data-widget_type=\"globefarer_core_separator.default\">\n\t\t\t\t<div class=\"elementor-widget-container\">\n\t\t\t\t\t<div class=\"qodef-shortcode qodef-m  qodef-separator clear \">\n\t<div class=\"qodef-m-line\" ><\/div>\n<\/div>\n\t\t\t\t<\/div>\n\t\t\t\t<\/div>\n\t\t\t\t<div class=\"elementor-element elementor-element-674a463 elementor-widget__width-initial elementor-widget-mobile__width-inherit elementor-widget elementor-widget-globefarer_core_contact_info\" data-id=\"674a463\" data-element_type=\"widget\" data-widget_type=\"globefarer_core_contact_info.default\">\n\t\t\t\t<div class=\"elementor-widget-container\">\n\t\t\t\t\t<div class=\"qodef-shortcode qodef-m  qodef-contact-info qodef-layout--type-1 \">\n\t\t<h4 class=\"qodef-m-title\">\tLibya Ofisi\t<\/h4>\t<div class=\"qodef-m-phone\">\n\t\t\t\t<h2 class=\"qodef-m-phone-item\">\t<a itemprop=\"telephone\" href=\"tel:+218913934440\">\n\t\t+218 91 393 44 40\t<\/a>\n\t<\/h2>\t<\/div>\n\t<div class=\"qodef-m-address\">\n\t\t\t<h6 class=\"qodef-m-address-tagline\">\n\t\tKonumumuz\t<\/h6>\n\t<h5 class=\"qodef-m-address-item\">\t<a href=\"https:\/\/maps.app.goo.gl\/ZG9zLYsUeSv81WWDA\" target=\"_blank\" rel=\"noopener\">Zarqa Alyamama Building, Floor: 01 , Office : 72, Postal Code : 15, \nAl-Seyaheyya, Tripoli , Libya<\/a>\t<\/h5>\t<\/div>\n\t<div class=\"qodef-m-email\">\n\t\t\t<h6 class=\"qodef-m-email-tagline\">\n\t\tBize Yaz\u0131n\t<\/h6>\n\t<h5 class=\"qodef-m-email-item\">\t<a itemprop=\"email\" href=\"mailto:ali.mustafa@turgalat.com.tr\">\n\t\tali.mustafa@turgalat.com.tr\t<\/a>\n\t<\/h5>\t<\/div>\n<\/div>\n\t\t\t\t<\/div>\n\t\t\t\t<\/div>\n\t\t\t\t\t<\/div>\n\t\t<\/div>\n\t\t\t\t<div class=\"elementor-column elementor-col-50 elementor-top-column elementor-element elementor-element-ca1997c\" data-id=\"ca1997c\" data-element_type=\"column\">\n\t\t\t<div class=\"elementor-widget-wrap elementor-element-populated\">\n\t\t\t\t\t\t<div class=\"elementor-element elementor-element-663e0eb elementor-widget elementor-widget-text-editor\" data-id=\"663e0eb\" data-element_type=\"widget\" data-widget_type=\"text-editor.default\">\n\t\t\t\t<div class=\"elementor-widget-container\">\n\t\t\t\t\t\t\t\t\t<p>\u0130htiyac\u0131n\u0131z olan daha fazla bilgiyi sa\u011flamak, herhangi bir soruyu yan\u0131tlamak ve lojistik ihtiya\u00e7lar\u0131n\u0131z i\u00e7in etkili bir \u00e7\u00f6z\u00fcm olu\u015fturmak i\u00e7in buraday\u0131z. A\u015fa\u011f\u0131daki formu doldurun ve bizimle ileti\u015fime ge\u00e7in. Bir ekibimizden biri size h\u0131zl\u0131 bir \u015fekilde d\u00f6n\u00fc\u015f yapacakt\u0131r. \u0130\u015fletmenizi yeni zirvelere ta\u015f\u0131yabilecek bir konu\u015fmaya ba\u015flayal\u0131m.<\/p>\t\t\t\t\t\t\t\t<\/div>\n\t\t\t\t<\/div>\n\t\t\t\t<div class=\"elementor-element elementor-element-4c9a050 elementor-widget elementor-widget-heading\" data-id=\"4c9a050\" data-element_type=\"widget\" data-widget_type=\"heading.default\">\n\t\t\t\t<div class=\"elementor-widget-container\">\n\t\t\t\t\t<h2 class=\"elementor-heading-title elementor-size-default\">A\u015fa\u011f\u0131daki formu doldurun<\/h2>\t\t\t\t<\/div>\n\t\t\t\t<\/div>\n\t\t\t\t<div class=\"elementor-element elementor-element-69db32f elementor-widget elementor-widget-wp-widget-globefarer_core_contact_form_7\" data-id=\"69db32f\" data-element_type=\"widget\" data-widget_type=\"wp-widget-globefarer_core_contact_form_7.default\">\n\t\t\t\t<div class=\"elementor-widget-container\">\n\t\t\t\t\t\t\t\t<div class=\"qodef-contact-form-7\">\n\t\t\t\t\n<div class=\"wpcf7 no-js\" id=\"wpcf7-f8714-o1\" lang=\"tr-TR\" dir=\"ltr\" data-wpcf7-id=\"8714\">\n<div class=\"screen-reader-response\"><p role=\"status\" aria-live=\"polite\" aria-atomic=\"true\"><\/p> <ul><\/ul><\/div>\n<form action=\"\/tr\/wp-json\/wp\/v2\/pages\/8589#wpcf7-f8714-o1\" method=\"post\" class=\"wpcf7-form init\" aria-label=\"\u0130leti\u015fim Formu\" novalidate=\"novalidate\" data-status=\"init\">\n<fieldset class=\"hidden-fields-container\"><input type=\"hidden\" name=\"_wpcf7\" value=\"8714\" \/><input type=\"hidden\" name=\"_wpcf7_version\" value=\"6.1\" \/><input type=\"hidden\" name=\"_wpcf7_locale\" value=\"tr_TR\" \/><input type=\"hidden\" name=\"_wpcf7_unit_tag\" value=\"wpcf7-f8714-o1\" \/><input type=\"hidden\" name=\"_wpcf7_container_post\" value=\"0\" \/><input type=\"hidden\" name=\"_wpcf7_posted_data_hash\" value=\"\" \/>\n<\/fieldset>\n<label> Ad\u0131n\u0131z\n    <span class=\"wpcf7-form-control-wrap\" data-name=\"your-name\"><input size=\"40\" maxlength=\"400\" class=\"wpcf7-form-control wpcf7-text wpcf7-validates-as-required\" autocomplete=\"name\" aria-required=\"true\" aria-invalid=\"false\" value=\"\" type=\"text\" name=\"your-name\" \/><\/span> <\/label>\n\n<label> Your email\n    <span class=\"wpcf7-form-control-wrap\" data-name=\"your-email\"><input size=\"40\" maxlength=\"400\" class=\"wpcf7-form-control wpcf7-email wpcf7-validates-as-required wpcf7-text wpcf7-validates-as-email\" autocomplete=\"email\" aria-required=\"true\" aria-invalid=\"false\" value=\"\" type=\"email\" name=\"your-email\" \/><\/span> <\/label>\n\n<label> Ders\n    <span class=\"wpcf7-form-control-wrap\" data-name=\"your-subject\"><input size=\"40\" maxlength=\"400\" class=\"wpcf7-form-control wpcf7-text wpcf7-validates-as-required\" aria-required=\"true\" aria-invalid=\"false\" value=\"\" type=\"text\" name=\"your-subject\" \/><\/span> <\/label>\n\n<label> Mesaj\u0131n\u0131z (iste\u011fe ba\u011fl\u0131)\n    <span class=\"wpcf7-form-control-wrap\" data-name=\"your-message\"><textarea cols=\"40\" rows=\"10\" maxlength=\"2000\" class=\"wpcf7-form-control wpcf7-textarea\" aria-invalid=\"false\" name=\"your-message\"><\/textarea><\/span> <\/label>\n\n<button class=\"wpcf7-form-control wpcf7-submit qodef-button qodef-size--normal qodef-layout--filled qodef-m\" type=\"submit\"><span class=\"qodef-m-button-icon\"><svg class=\"qodef-svg--plus\" xmlns=\"http:\/\/www.w3.org\/2000\/svg\" xmlns:xlink=\"http:\/\/www.w3.org\/1999\/xlink\" width=\"14\" height=\"14\" viewBox=\"0 0 14 14\"><path class=\"qodef-m-horizontal\" d=\"M0,0H14V2H0Z\" transform=\"translate(0 6)\" \/><path class=\"qodef-m-vertical\" d=\"M0,0H2V14H0Z\" transform=\"translate(6)\" \/><\/svg><\/span><span class=\"qodef-m-button-text\">G\u00f6ndermek<\/span><\/button><div class=\"wpcf7-response-output\" aria-hidden=\"true\"><\/div>\n<\/form>\n<\/div>\n\t\t\t<\/div>\n\t\t\t\t\t\t\t<\/div>\n\t\t\t\t<\/div>\n\t\t\t\t\t<\/div>\n\t\t<\/div>\n\t\t\t\t\t<\/div>\n\t\t<\/section>\n\t\t\t\t<\/div>\n\t\t","protected":false},"excerpt":{"rendered":"<p>Turgalat Uluslarasi Co. ile ileti\u015fime ge\u00e7in. Merkez +212 366 02 15 Konumumuz Esentepe Mah. B\u00fcy\u00fckdere Cad. Ferko Signature no:175\/7 \u0130\u00e7 Kap\u0131 No:12-BC 34394 \u015ei\u015fli-\u0130stanbul Bize Yaz\u0131n Info@turgalat.com.tr Operations@turgalat.com.tr Libya Ofisi +218 91 393 44 40 Konumumuz Zarqa Alyamama Building, Floor: 01 , Office : 72, Postal Code : 15, Al-Seyaheyya, Tripoli , Libya Bize Yaz\u0131n [&hellip;]<\/p>\n","protected":false},"author":1,"featured_media":0,"parent":0,"menu_order":0,"comment_status":"closed","ping_status":"closed","template":"page-full-width.php","meta":{"footnotes":""},"class_list":["post-8589","page","type-page","status-publish","hentry"],"_links":{"self":[{"href":"https:\/\/turgalat.com.tr\/tr\/wp-json\/wp\/v2\/pages\/8589","targetHints":{"allow":["GET"]}}],"collection":[{"href":"https:\/\/turgalat.com.tr\/tr\/wp-json\/wp\/v2\/pages"}],"about":[{"href":"https:\/\/turgalat.com.tr\/tr\/wp-json\/wp\/v2\/types\/page"}],"author":[{"embeddable":true,"href":"https:\/\/turgalat.com.tr\/tr\/wp-json\/wp\/v2\/users\/1"}],"replies":[{"embeddable":true,"href":"https:\/\/turgalat.com.tr\/tr\/wp-json\/wp\/v2\/comments?post=8589"}],"version-history":[{"count":11,"href":"https:\/\/turgalat.com.tr\/tr\/wp-json\/wp\/v2\/pages\/8589\/revisions"}],"predecessor-version":[{"id":8717,"href":"https:\/\/turgalat.com.tr\/tr\/wp-json\/wp\/v2\/pages\/8589\/revisions\/8717"}],"wp:attachment":[{"href":"https:\/\/turgalat.com.tr\/tr\/wp-json\/wp\/v2\/media?parent=8589"}],"curies":[{"name":"wp","href":"https:\/\/api.w.org\/{rel}","templated":true}]}}