{"id":8568,"date":"2021-08-06T14:15:13","date_gmt":"2021-08-06T14:15:13","guid":{"rendered":"https:\/\/turgalat.com.tr\/hakkimizda\/"},"modified":"2024-02-17T18:30:24","modified_gmt":"2024-02-17T18:30:24","slug":"about-us","status":"publish","type":"page","link":"https:\/\/turgalat.com.tr\/tr\/about-us\/","title":{"rendered":"Hakk\u0131m\u0131zda"},"content":{"rendered":"\t\t<div data-elementor-type=\"wp-page\" data-elementor-id=\"8568\" class=\"elementor elementor-8568 elementor-2602\">\n\t\t\t\t\t\t<section class=\"elementor-section elementor-top-section elementor-element elementor-element-a70f5ba elementor-section-full_width qodef-elementor-content-grid qodef-custom-cursor-section elementor-section-height-default elementor-section-height-default\" data-id=\"a70f5ba\" data-element_type=\"section\" data-settings=\"{&quot;background_background&quot;:&quot;classic&quot;}\">\n\t\t\t\t\t\t<div class=\"elementor-container elementor-column-gap-no\">\n\t\t\t\t\t<div class=\"elementor-column elementor-col-25 elementor-top-column elementor-element elementor-element-5add050\" data-id=\"5add050\" data-element_type=\"column\">\n\t\t\t<div class=\"elementor-widget-wrap elementor-element-populated\">\n\t\t\t\t\t\t<div class=\"elementor-element elementor-element-d37e5c5 elementor-widget elementor-widget-globefarer_core_counter\" data-id=\"d37e5c5\" data-element_type=\"widget\" data-widget_type=\"globefarer_core_counter.default\">\n\t\t\t\t<div class=\"elementor-widget-container\">\n\t\t\t\t\t<div class=\"qodef-shortcode qodef-m  qodef-counter qodef-layout--simple\" data-start-digit=\"3\" data-end-digit=\"7255\" data-step-digit=\"100\" data-step-delay=\"60\" style=\"border-left: 1px solid;border-color: #FFFFFF;padding-left: 40px\">\n\t<div class=\"qodef-m-content\">\n\t\t\t<h6 class=\"qodef-m-title\" style=\"color: #FFFFFF\">\n\t\t\t\t\tTeslim Edilen Paketler\t\t\t<\/h6>\n\t\t\t<\/div>\n\t<div class=\"qodef-m-digit-wrapper\">\n\t\t<span class=\"qodef-m-digit\" style=\"color: #FFFFFF\"><\/span>\n\t<\/div>\n<\/div>\n\t\t\t\t<\/div>\n\t\t\t\t<\/div>\n\t\t\t\t\t<\/div>\n\t\t<\/div>\n\t\t\t\t<div class=\"elementor-column elementor-col-25 elementor-top-column elementor-element elementor-element-0b0f330\" data-id=\"0b0f330\" data-element_type=\"column\">\n\t\t\t<div class=\"elementor-widget-wrap elementor-element-populated\">\n\t\t\t\t\t\t<div class=\"elementor-element elementor-element-4bfd6f2 elementor-widget elementor-widget-globefarer_core_counter\" data-id=\"4bfd6f2\" data-element_type=\"widget\" data-widget_type=\"globefarer_core_counter.default\">\n\t\t\t\t<div class=\"elementor-widget-container\">\n\t\t\t\t\t<div class=\"qodef-shortcode qodef-m  qodef-counter qodef-layout--simple\" data-start-digit=\"3\" data-end-digit=\"5348\" data-step-digit=\"100\" data-step-delay=\"60\" style=\"border-left: 1px solid;border-color: #FFFFFF;padding-left: 40px\">\n\t<div class=\"qodef-m-content\">\n\t\t\t<h6 class=\"qodef-m-title\" style=\"color: #FFFFFF\">\n\t\t\t\t\tAyda KM\t\t\t<\/h6>\n\t\t\t<\/div>\n\t<div class=\"qodef-m-digit-wrapper\">\n\t\t<span class=\"qodef-m-digit\" style=\"color: #FFFFFF\"><\/span>\n\t<\/div>\n<\/div>\n\t\t\t\t<\/div>\n\t\t\t\t<\/div>\n\t\t\t\t\t<\/div>\n\t\t<\/div>\n\t\t\t\t<div class=\"elementor-column elementor-col-25 elementor-top-column elementor-element elementor-element-dc3d413\" data-id=\"dc3d413\" data-element_type=\"column\">\n\t\t\t<div class=\"elementor-widget-wrap elementor-element-populated\">\n\t\t\t\t\t\t<div class=\"elementor-element elementor-element-cd442eb elementor-widget elementor-widget-globefarer_core_counter\" data-id=\"cd442eb\" data-element_type=\"widget\" data-widget_type=\"globefarer_core_counter.default\">\n\t\t\t\t<div class=\"elementor-widget-container\">\n\t\t\t\t\t<div class=\"qodef-shortcode qodef-m  qodef-counter qodef-layout--simple\" data-start-digit=\"3\" data-end-digit=\"8500\" data-step-digit=\"120\" data-step-delay=\"60\" style=\"border-left: 1px solid;border-color: #FFFFFF;padding-left: 40px\">\n\t<div class=\"qodef-m-content\">\n\t\t\t<h6 class=\"qodef-m-title\" style=\"color: #FFFFFF\">\n\t\t\t\t\tTa\u015f\u0131nan Mal Miktar\u0131\t\t\t<\/h6>\n\t\t\t<\/div>\n\t<div class=\"qodef-m-digit-wrapper\">\n\t\t<span class=\"qodef-m-digit\" style=\"color: #FFFFFF\"><\/span>\n\t<\/div>\n<\/div>\n\t\t\t\t<\/div>\n\t\t\t\t<\/div>\n\t\t\t\t\t<\/div>\n\t\t<\/div>\n\t\t\t\t<div class=\"elementor-column elementor-col-25 elementor-top-column elementor-element elementor-element-1349140\" data-id=\"1349140\" data-element_type=\"column\">\n\t\t\t<div class=\"elementor-widget-wrap elementor-element-populated\">\n\t\t\t\t\t\t<div class=\"elementor-element elementor-element-180d238 elementor-widget elementor-widget-globefarer_core_counter\" data-id=\"180d238\" data-element_type=\"widget\" data-widget_type=\"globefarer_core_counter.default\">\n\t\t\t\t<div class=\"elementor-widget-container\">\n\t\t\t\t\t<div class=\"qodef-shortcode qodef-m  qodef-counter qodef-layout--simple\" data-start-digit=\"3\" data-end-digit=\"3125\" data-step-digit=\"90\" data-step-delay=\"60\" style=\"border-left: 1px solid;border-color: #FFFFFF;padding-left: 40px\">\n\t<div class=\"qodef-m-content\">\n\t\t\t<h6 class=\"qodef-m-title\" style=\"color: #FFFFFF\">\n\t\t\t\t\tMemnun M\u00fc\u015fteriler\t\t\t<\/h6>\n\t\t\t<\/div>\n\t<div class=\"qodef-m-digit-wrapper\">\n\t\t<span class=\"qodef-m-digit\" style=\"color: #FFFFFF\"><\/span>\n\t<\/div>\n<\/div>\n\t\t\t\t<\/div>\n\t\t\t\t<\/div>\n\t\t\t\t\t<\/div>\n\t\t<\/div>\n\t\t\t\t\t<\/div>\n\t\t<\/section>\n\t\t\t\t<section class=\"elementor-section elementor-top-section elementor-element elementor-element-6126ec6 elementor-section-full_width qodef-elementor-content-grid elementor-section-height-default elementor-section-height-default\" data-id=\"6126ec6\" data-element_type=\"section\" data-settings=\"{&quot;background_background&quot;:&quot;classic&quot;}\">\n\t\t\t\t\t\t<div class=\"elementor-container elementor-column-gap-no\">\n\t\t\t\t\t<div class=\"elementor-column elementor-col-100 elementor-top-column elementor-element elementor-element-111948d\" data-id=\"111948d\" data-element_type=\"column\">\n\t\t\t<div class=\"elementor-widget-wrap elementor-element-populated\">\n\t\t\t\t\t\t<div class=\"elementor-element elementor-element-d1b2694 elementor-widget elementor-widget-globefarer_core_divided_image_info\" data-id=\"d1b2694\" data-element_type=\"widget\" data-widget_type=\"globefarer_core_divided_image_info.default\">\n\t\t\t\t<div class=\"elementor-widget-container\">\n\t\t\t\t\t<div class=\"qodef-shortcode qodef-m  qodef-divided-image-info qodef-layout--image-right  qodef-vertically-centered--on qodef-breakpoint--1024 qodef-appear-animation--no \">\n\t<div class=\"qodef-m-content\" style=\"margin-top: 0px;padding-left: 0px;padding-right: 5px\">\n\t\t\t<h3 itemprop=\"name\" class=\"qodef-m-title\" style=\"margin-bottom: 20px\">\n\tTurgalat Hakk\u0131nda Daha Fazla\t<\/h3>\n\t<p class=\"qodef-m-text\" >\n\t\tM\u00fckemmellik tutkusu ve hizmet taahh\u00fcd\u00fc \u00fczerine kurulan Turgalat Uluslararas\u0131 A.\u015e., kuruldu\u011fu g\u00fcnden bu yana lojistik \u00e7\u00f6z\u00fcmler konusunda \u00f6nc\u00fc olmu\u015ftur. Y\u0131llar\u0131n getirdi\u011fi sekt\u00f6r deneyimiyle vizyoner bir projeden, global ta\u015f\u0131ma hizmetleri sa\u011flayan \u00f6nde gelen bir tedarik\u00e7iye d\u00f6n\u00fc\u015ft\u00fck. Yenili\u011fe ve m\u00fc\u015fteri memnuniyetine olan ba\u011fl\u0131l\u0131\u011f\u0131m\u0131z, bize sa\u011flam bir \u00fcn ve sad\u0131k bir m\u00fc\u015fteri kitlesi kazand\u0131rd\u0131.\n\nMesaj\u0131m\u0131z basit: Sizin vizyonunuz, bizim misyonumuz. Birlikte yeni ufuklara ula\u015fal\u0131m.\t<\/p>\n\t<a class=\"qodef-shortcode qodef-m qodef-m-button qodef-button qodef-layout--textual  qodef-html--link\" href=\"https:\/\/turgalat.com.tr\/tr\/our-services\/\" target=\"_self\"  >\t\t\t<span class=\"qodef-m-button-icon\"><svg class=\"qodef-svg--plus\" xmlns=\"http:\/\/www.w3.org\/2000\/svg\" xmlns:xlink=\"http:\/\/www.w3.org\/1999\/xlink\" width=\"14\" height=\"14\" viewBox=\"0 0 14 14\"><path class=\"qodef-m-horizontal\" d=\"M0,0H14V2H0Z\" transform=\"translate(0 6)\" \/><path class=\"qodef-m-vertical\" d=\"M0,0H2V14H0Z\" transform=\"translate(6)\" \/><\/svg><\/span>\t\t\t\t<span class=\"qodef-m-button-text\">Hizmetlerimizi<br \/> Ke\u015ffedin<\/span>\t<\/a><\/div>\n\t<div class=\"qodef-m-image\" style=\"width: 50%;padding-right: 0px\">\n\t\t<img fetchpriority=\"high\" decoding=\"async\" width=\"1440\" height=\"1080\" src=\"https:\/\/turgalat.com.tr\/wp-content\/uploads\/2024\/02\/cargo-plane-flying-stack-containers-container-port.webp\" class=\"attachment-full size-full\" alt=\"\" srcset=\"https:\/\/turgalat.com.tr\/wp-content\/uploads\/2024\/02\/cargo-plane-flying-stack-containers-container-port.webp 1440w, https:\/\/turgalat.com.tr\/wp-content\/uploads\/2024\/02\/cargo-plane-flying-stack-containers-container-port-300x225.webp 300w, https:\/\/turgalat.com.tr\/wp-content\/uploads\/2024\/02\/cargo-plane-flying-stack-containers-container-port-1024x768.webp 1024w, https:\/\/turgalat.com.tr\/wp-content\/uploads\/2024\/02\/cargo-plane-flying-stack-containers-container-port-768x576.webp 768w\" sizes=\"(max-width: 1440px) 100vw, 1440px\" \/>\t<\/div>\n<\/div>\n\t\t\t\t<\/div>\n\t\t\t\t<\/div>\n\t\t\t\t\t<\/div>\n\t\t<\/div>\n\t\t\t\t\t<\/div>\n\t\t<\/section>\n\t\t<div class=\"elementor-element elementor-element-24c1e36 e-con-full e-flex e-con e-parent\" data-id=\"24c1e36\" data-element_type=\"container\">\n\t\t<div class=\"elementor-element elementor-element-4492e31 e-con-full e-flex e-con e-child\" data-id=\"4492e31\" data-element_type=\"container\">\n\t\t\t\t<div class=\"elementor-element elementor-element-2271db8 elementor-widget elementor-widget-qi_addons_for_elementor_icon_with_text\" data-id=\"2271db8\" data-element_type=\"widget\" data-widget_type=\"qi_addons_for_elementor_icon_with_text.default\">\n\t\t\t\t<div class=\"elementor-widget-container\">\n\t\t\t\t\t<div class=\"qodef-shortcode qodef-m vision qodef-qi-icon-with-text qodef-layout--top qodef-icon-boxed qodef--custom-icon qodef-alignment--center\" >\n\t\t\t<div class=\"qodef-m-icon-wrapper\">\n\t\t\t\t<div class=\"qodef-m-icon-holder\">\n\t\t<svg xmlns=\"http:\/\/www.w3.org\/2000\/svg\" xmlns:xlink=\"http:\/\/www.w3.org\/1999\/xlink\" id=\"Capa_1\" x=\"0px\" y=\"0px\" viewBox=\"0 0 512 512\" style=\"enable-background:new 0 0 512 512;\" xml:space=\"preserve\"><g>\t<g>\t\t<path d=\"M509.188,247.27c-4.57-6.39-113.521-156.272-252.182-156.272C118.334,90.998,7.383,240.88,2.813,247.27   c-3.75,5.22-3.75,12.25,0,17.46c4.57,6.39,115.521,156.271,254.193,156.271c138.661,0,247.612-149.881,252.182-156.272   C512.938,259.52,512.938,252.489,509.188,247.27z M257.006,361c-57.891,0-107.001-47.11-107.001-105.001   s49.11-105.001,107.001-105.001s105.001,47.11,105.001,105.001S314.897,361,257.006,361z\"><\/path>\t<\/g><\/g><g>\t<g>\t\t<path d=\"M257.006,210.999c-24.82,0-47,20.19-47,45c0,24.82,22.18,45,47,45c24.81,0,45-20.18,45-45   C302.006,231.189,281.816,210.999,257.006,210.999z\"><\/path>\t<\/g><\/g><g><\/g><g><\/g><g><\/g><g><\/g><g><\/g><g><\/g><g><\/g><g><\/g><g><\/g><g><\/g><g><\/g><g><\/g><g><\/g><g><\/g><g><\/g><\/svg>\t<\/div>\n\t\t<\/div>\n\t\t<div class=\"qodef-m-content\">\n\t\t\t\t\t<h4 class=\"qodef-m-title\">\n\t\t\t\t\t<span class=\"qodef-m-title-text\">V\u0130ZYON<\/span>\n\t\t\t<\/h4>\n\t\t\t<div class=\"qodef-m-text\"><p>M\u00fc\u015fteri odakl\u0131 yakla\u015f\u0131m\u0131m\u0131z sadece bir prensip de\u011fil, taahh\u00fcd\u00fcm\u00fczd\u00fcr. M\u00fc\u015fterilerimizden ve adanm\u0131\u015f acente a\u011f\u0131m\u0131zdan ald\u0131\u011f\u0131m\u0131z g\u00fc\u00e7le, lojistik ve d\u0131\u015f ticaret ekosistemi i\u00e7inde ba\u015far\u0131 ve memnuniyeti sa\u011flamay\u0131 hedefliyoruz.<\/p><\/div>\n\t\t\t<\/div>\n<\/div>\n\t\t\t\t<\/div>\n\t\t\t\t<\/div>\n\t\t\t\t<\/div>\n\t\t<div class=\"elementor-element elementor-element-09232c5 e-con-full e-flex e-con e-child\" data-id=\"09232c5\" data-element_type=\"container\">\n\t\t\t\t<div class=\"elementor-element elementor-element-e3303c7 elementor-widget elementor-widget-qi_addons_for_elementor_icon_with_text\" data-id=\"e3303c7\" data-element_type=\"widget\" data-widget_type=\"qi_addons_for_elementor_icon_with_text.default\">\n\t\t\t\t<div class=\"elementor-widget-container\">\n\t\t\t\t\t<div class=\"qodef-shortcode qodef-m vision qodef-qi-icon-with-text qodef-layout--top qodef-icon-boxed qodef--custom-icon qodef-alignment--center\" >\n\t\t\t<div class=\"qodef-m-icon-wrapper\">\n\t\t\t\t<div class=\"qodef-m-icon-holder\">\n\t\t<svg xmlns=\"http:\/\/www.w3.org\/2000\/svg\" id=\"Glyph\" height=\"512\" viewBox=\"0 0 64 64\" width=\"512\"><path d=\"m59.67954 5.16896c-.04995-.4496-.41965-.81936-.86931-.86931-3.83695-.4596-7.65395-.3497-11.35105.31976-7.72813 1.32499-15.36844 5.52438-21.29322 11.2512-.54725.52082-1.85231 1.75308-2.37816 2.25818-3.11882 3.60524-6.71341 8.38101-8.80297 12.42029-.30145.61201-.00418 1.07657.50956 1.51873.47956.47964 1.39888 1.3889 2.56794 2.55802 4.46899 4.47996 9.34856 9.35768 13.84909 13.85909 0 0 .33976.3397.33976.3397.47414.48434 1.14946.26723 1.63865-.07996 2.3282-1.29896 5.51569-3.27738 8.87304-5.99521 11.32772-8.87146 18.91913-23.00767 16.91668-37.58048zm-12.99972 23.48152c-4.93417 5.04444-13.78093 1.38964-13.69917-5.67567-.06599-7.07385 8.73541-10.72252 13.69922-5.67525 3.13744 3.12741 3.13744 8.22338-.00005 11.35092z\"><\/path><path d=\"m5.90191 33.2269c.03995 0 .07989 0 .1199-.01l7.16435-.86931c-.53347-1.01253-.34848-2.23838.27981-3.18748.49955-.91927 1.31891-2.3282 2.45803-4.05682 1.88941-2.94631 4.2199-5.76134 6.45496-8.38342-.00002 0 1.43886-1.36892 1.43886-1.36892-11.97523-.11918-18.105 10.40746-18.89497 16.72701-.11483.5772.38142 1.16806.97907 1.14893z\"><\/path><path d=\"m44.02187 44.2982c-2.84773 2.30818-5.92533 4.38656-9.16277 6.19514-.92142.63201-2.20829.85398-3.22745.2997 0 .00005-.86931 7.1644-.86931 7.1644-.08514.57001.40514 1.13327.98922 1.1191 1.88768-.27609 10.39338-1.98325 14.75836-10.1619 1.36801-2.56619 2.17039-6.00998 2.12827-8.77321-1.455 1.45611-2.96158 2.81889-4.61633 4.15678z\"><\/path><path d=\"m26.45568 45.85697c-2.97691-2.98499-6.40486-6.40884-9.33262-9.34269 0 0-.67946 1.37892-.67946 1.37892-.56956 1.14912-.34976 2.53804.55956 3.4473l5.63558 5.63558c.91647.90908 2.30594 1.14091 3.44724.55955 0 0 1.37892-.67945 1.37892-.67945-.33356-.33222-.65955-.66324-1.00922-.99921z\"><\/path><path d=\"m17.11305 46.90614c-6.90431-6.14353-13.00926 5.97238-13.10953 12.01046-.05212.57463.48145 1.11002 1.05903 1.05925 6.02066-.1013 18.10715-6.17289 12.0505-13.06971z\"><\/path><path d=\"m41.00429 16.94973c-7.94257.20678-7.99174 11.82173.00013 12.05052 7.99433-.23414 7.94235-11.8441-.00013-12.05052z\"><\/path><\/svg>\t<\/div>\n\t\t<\/div>\n\t\t<div class=\"qodef-m-content\">\n\t\t\t\t\t<h4 class=\"qodef-m-title\">\n\t\t\t\t\t<span class=\"qodef-m-title-text\">M\u0130SYON<\/span>\n\t\t\t<\/h4>\n\t\t\t<div class=\"qodef-m-text\"><p>Turgalat Uluslararas\u0131 A.\u015e.'de sadece mal ta\u015f\u0131m\u0131yor, i\u015fletmeleri ileriye ta\u015f\u0131yoruz. Misyonumuz, ta\u015f\u0131mac\u0131l\u0131kta kalite ve g\u00fcvenlik sa\u011flayarak i\u015f operasyonlar\u0131n\u0131z\u0131 geli\u015ftirmektir. Bir lojistik sa\u011flay\u0131c\u0131dan daha fazlas\u0131 olmay\u0131 hedefliyoruz.<\/p><\/div>\n\t\t\t<\/div>\n<\/div>\n\t\t\t\t<\/div>\n\t\t\t\t<\/div>\n\t\t\t\t<\/div>\n\t\t<div class=\"elementor-element elementor-element-85defc1 e-con-full e-flex e-con e-child\" data-id=\"85defc1\" data-element_type=\"container\">\n\t\t\t\t<div class=\"elementor-element elementor-element-f40e66e elementor-widget elementor-widget-qi_addons_for_elementor_icon_with_text\" data-id=\"f40e66e\" data-element_type=\"widget\" data-widget_type=\"qi_addons_for_elementor_icon_with_text.default\">\n\t\t\t\t<div class=\"elementor-widget-container\">\n\t\t\t\t\t<div class=\"qodef-shortcode qodef-m vision qodef-qi-icon-with-text qodef-layout--top qodef-icon-boxed qodef--custom-icon qodef-alignment--center\" >\n\t\t\t<div class=\"qodef-m-icon-wrapper\">\n\t\t\t\t<div class=\"qodef-m-icon-holder\">\n\t\t<svg xmlns=\"http:\/\/www.w3.org\/2000\/svg\" height=\"512\" viewBox=\"0 0 24 24\" width=\"512\"><path d=\"m8.75 17.612v4.638c0 .324.208.611.516.713.077.025.156.037.234.037.234 0 .46-.11.604-.306l2.713-3.692z\"><\/path><path d=\"m23.685.139c-.23-.163-.532-.185-.782-.054l-22.5 11.75c-.266.139-.423.423-.401.722.023.3.222.556.505.653l6.255 2.138 13.321-11.39-10.308 12.419 10.483 3.583c.078.026.16.04.242.04.136 0 .271-.037.39-.109.19-.116.319-.311.352-.53l2.75-18.5c.041-.28-.077-.558-.307-.722z\"><\/path><\/svg>\t<\/div>\n\t\t<\/div>\n\t\t<div class=\"qodef-m-content\">\n\t\t\t\t\t<h4 class=\"qodef-m-title\">\n\t\t\t\t\t<span class=\"qodef-m-title-text\">MESAJ<\/span>\n\t\t\t<\/h4>\n\t\t\t<div class=\"qodef-m-text\"><p>Biz sadece y\u00fck ta\u015f\u0131may\u0131 de\u011fil, d\u00fcnya \u00e7ap\u0131ndaki i\u015fletmelerin umutlar\u0131n\u0131, ilerlemesini ve hayallerini ta\u015f\u0131d\u0131\u011f\u0131m\u0131za inan\u0131yoruz. Mesaj\u0131m\u0131z a\u00e7\u0131kt\u0131r: Biz sadece bir lojistik \u015firketi de\u011filiz - biz sizin i\u00e7in bir d\u00fcnya dolusu olanaklar\u0131n kap\u0131s\u0131n\u0131 aral\u0131yoruz.<\/p><\/div>\n\t\t\t<\/div>\n<\/div>\n\t\t\t\t<\/div>\n\t\t\t\t<\/div>\n\t\t\t\t<\/div>\n\t\t\t\t<\/div>\n\t\t<div class=\"elementor-element elementor-element-0829057 e-flex e-con-boxed e-con e-parent\" data-id=\"0829057\" data-element_type=\"container\">\n\t\t\t\t\t<div class=\"e-con-inner\">\n\t\t\t\t<div class=\"elementor-element elementor-element-2647174 elementor-widget elementor-widget-spacer\" data-id=\"2647174\" data-element_type=\"widget\" data-widget_type=\"spacer.default\">\n\t\t\t\t<div class=\"elementor-widget-container\">\n\t\t\t\t\t\t\t<div class=\"elementor-spacer\">\n\t\t\t<div class=\"elementor-spacer-inner\"><\/div>\n\t\t<\/div>\n\t\t\t\t\t\t<\/div>\n\t\t\t\t<\/div>\n\t\t\t\t\t<\/div>\n\t\t\t\t<\/div>\n\t\t\t\t<\/div>\n\t\t","protected":false},"excerpt":{"rendered":"<p>Teslim Edilen Paketler Ayda KM Ta\u015f\u0131nan Mal Miktar\u0131 Memnun M\u00fc\u015fteriler Turgalat Hakk\u0131nda Daha Fazla M\u00fckemmellik tutkusu ve hizmet taahh\u00fcd\u00fc \u00fczerine kurulan Turgalat Uluslararas\u0131 A.\u015e., kuruldu\u011fu g\u00fcnden bu yana lojistik \u00e7\u00f6z\u00fcmler konusunda \u00f6nc\u00fc olmu\u015ftur. Y\u0131llar\u0131n getirdi\u011fi sekt\u00f6r deneyimiyle vizyoner bir projeden, global ta\u015f\u0131ma hizmetleri sa\u011flayan \u00f6nde gelen bir tedarik\u00e7iye d\u00f6n\u00fc\u015ft\u00fck. Yenili\u011fe ve m\u00fc\u015fteri memnuniyetine olan ba\u011fl\u0131l\u0131\u011f\u0131m\u0131z, [&hellip;]<\/p>\n","protected":false},"author":1,"featured_media":0,"parent":0,"menu_order":0,"comment_status":"closed","ping_status":"closed","template":"page-full-width.php","meta":{"footnotes":""},"class_list":["post-8568","page","type-page","status-publish","hentry"],"_links":{"self":[{"href":"https:\/\/turgalat.com.tr\/tr\/wp-json\/wp\/v2\/pages\/8568","targetHints":{"allow":["GET"]}}],"collection":[{"href":"https:\/\/turgalat.com.tr\/tr\/wp-json\/wp\/v2\/pages"}],"about":[{"href":"https:\/\/turgalat.com.tr\/tr\/wp-json\/wp\/v2\/types\/page"}],"author":[{"embeddable":true,"href":"https:\/\/turgalat.com.tr\/tr\/wp-json\/wp\/v2\/users\/1"}],"replies":[{"embeddable":true,"href":"https:\/\/turgalat.com.tr\/tr\/wp-json\/wp\/v2\/comments?post=8568"}],"version-history":[{"count":11,"href":"https:\/\/turgalat.com.tr\/tr\/wp-json\/wp\/v2\/pages\/8568\/revisions"}],"predecessor-version":[{"id":8619,"href":"https:\/\/turgalat.com.tr\/tr\/wp-json\/wp\/v2\/pages\/8568\/revisions\/8619"}],"wp:attachment":[{"href":"https:\/\/turgalat.com.tr\/tr\/wp-json\/wp\/v2\/media?parent=8568"}],"curies":[{"name":"wp","href":"https:\/\/api.w.org\/{rel}","templated":true}]}}