{"id":8563,"date":"2021-08-09T10:07:38","date_gmt":"2021-08-09T10:07:38","guid":{"rendered":"https:\/\/turgalat.com.tr\/blog\/"},"modified":"2024-02-17T21:50:51","modified_gmt":"2024-02-17T21:50:51","slug":"blog","status":"publish","type":"page","link":"https:\/\/turgalat.com.tr\/tr\/blog\/","title":{"rendered":"Blog"},"content":{"rendered":"\t\t<div data-elementor-type=\"wp-page\" data-elementor-id=\"8563\" class=\"elementor elementor-8563 elementor-2863\">\n\t\t\t\t<div class=\"elementor-element elementor-element-fb343b0 e-flex e-con-boxed e-con e-parent\" data-id=\"fb343b0\" data-element_type=\"container\">\n\t\t\t\t\t<div class=\"e-con-inner\">\n\t\t\t\t<div class=\"elementor-element elementor-element-fe13be4 elementor-widget elementor-widget-globefarer_core_blog_list\" data-id=\"fe13be4\" data-element_type=\"widget\" data-widget_type=\"globefarer_core_blog_list.default\">\n\t\t\t\t<div class=\"elementor-widget-container\">\n\t\t\t\t\t<div class=\"qodef-shortcode qodef-m  qodef-blog qodef--list qodef-item-layout--standard qodef-hover-animation--no qodef-grid qodef-layout--columns  qodef-gutter--normal qodef-col-num--3 qodef-item-layout--standard qodef--no-bottom-space qodef-pagination--off qodef-responsive--predefined\" data-options=\"{&quot;plugin&quot;:&quot;globefarer_core&quot;,&quot;module&quot;:&quot;blog\\\/shortcodes&quot;,&quot;shortcode&quot;:&quot;blog-list&quot;,&quot;post_type&quot;:&quot;post&quot;,&quot;next_page&quot;:&quot;2&quot;,&quot;max_pages_num&quot;:1,&quot;behavior&quot;:&quot;columns&quot;,&quot;images_proportion&quot;:&quot;full&quot;,&quot;columns&quot;:&quot;3&quot;,&quot;columns_responsive&quot;:&quot;predefined&quot;,&quot;space&quot;:&quot;normal&quot;,&quot;posts_per_page&quot;:&quot;9&quot;,&quot;orderby&quot;:&quot;date&quot;,&quot;order&quot;:&quot;DESC&quot;,&quot;layout&quot;:&quot;standard&quot;,&quot;title_tag&quot;:&quot;h4&quot;,&quot;button_text&quot;:&quot;Read more&quot;,&quot;hover_animation&quot;:&quot;no&quot;,&quot;pagination_type&quot;:&quot;no-pagination&quot;,&quot;object_class_name&quot;:&quot;GlobeFarerCore_Blog_List_Shortcode&quot;,&quot;taxonomy_filter&quot;:&quot;category&quot;,&quot;additional_query_args&quot;:[],&quot;space_value&quot;:15}\">\n\t\t<div class=\"qodef-grid-inner clear\">\n\t\t<article class=\"qodef-e qodef-blog-item qodef-grid-item qodef-item--full post-8741 post type-post status-publish format-standard has-post-thumbnail hentry category-tasimacilik tag-libya-tr tag-surdurulebilir tag-tasima tag-tasimacilik\">\n\t<div class=\"qodef-e-inner\">\n\t\t<div class=\"qodef-e-media\">\n\t\t<div class=\"qodef-e-media-image\">\n\t\t\t\t\t<a itemprop=\"url\" href=\"https:\/\/turgalat.com.tr\/tr\/sustainable-shipping-practices-balancing-efficiency-and-ecology-2\/\">\n\t\t\t\t\t<img fetchpriority=\"high\" decoding=\"async\" width=\"1441\" height=\"948\" src=\"https:\/\/turgalat.com.tr\/wp-content\/uploads\/2024\/02\/DPDHL_Ocean-Freight-e1707962523309.jpg\" class=\"attachment-full size-full wp-post-image\" alt=\"\" srcset=\"https:\/\/turgalat.com.tr\/wp-content\/uploads\/2024\/02\/DPDHL_Ocean-Freight-e1707962523309.jpg 1441w, https:\/\/turgalat.com.tr\/wp-content\/uploads\/2024\/02\/DPDHL_Ocean-Freight-e1707962523309-300x197.jpg 300w, https:\/\/turgalat.com.tr\/wp-content\/uploads\/2024\/02\/DPDHL_Ocean-Freight-e1707962523309-1024x674.jpg 1024w, https:\/\/turgalat.com.tr\/wp-content\/uploads\/2024\/02\/DPDHL_Ocean-Freight-e1707962523309-768x505.jpg 768w\" sizes=\"(max-width: 1441px) 100vw, 1441px\" \/>\t\t\t\t\t<\/a>\n\t\t\t\t\t<\/div>\n<\/div>\n\t\t<div class=\"qodef-e-content\">\n\t\t\t<div class=\"qodef-e-top-holder\">\n\t\t\t\t<div class=\"qodef-e-info\">\n\t\t\t\t\t<a itemprop=\"dateCreated\" href=\"https:\/\/turgalat.com.tr\/tr\/2024\/02\/\" class=\"entry-date \">\n\t\u015eubat 24, 2024<\/a><div class=\"qodef-info-separator-end\"><\/div><a href=\"https:\/\/turgalat.com.tr\/tr\/category\/tasimacilik\/\" rel=\"tag\">Ta\u015f\u0131mac\u0131l\u0131k<\/a><div class=\"qodef-info-separator-end\"><\/div>\t\t\t\t<\/div>\n\t\t\t<\/div>\n\t\t\t<div class=\"qodef-e-text\">\n\t\t\t\t<h4 itemprop=\"name\" class=\"qodef-e-title entry-title\">\n\t\t\t<a itemprop=\"url\" class=\"qodef-e-title-link\" href=\"https:\/\/turgalat.com.tr\/tr\/sustainable-shipping-practices-balancing-efficiency-and-ecology-2\/\">\n\t\t\tTurgalat Libya&#8217;da Ofis A\u00e7\u0131yor: En B\u00fcy\u00fck Pazar\u0131nda Lojistik Hizmetler\t\t\t<\/a>\n\t<\/h4>\n\t\t<p itemprop=\"description\" class=\"qodef-e-excerpt\">Kas\u0131m 2023&#039;te, \u00f6nde gelen bir lojistik \u00e7\u00f6z\u00fcm sa\u011flay\u0131c\u0131s\u0131 olan Turgalat, Libya&#039;da yeni bir ofis a\u00e7arak \u00f6nemli bir ad\u0131m att\u0131. Bu stratejik hamle, Turgalat&#039;\u0131n geni\u015fleme<\/p>\n\t\t\t\t\t<\/div>\n\t\t\t<div class=\"qodef-e-bottom-holder\">\n\t\t\t\t\t\t<div class=\"qodef-e-read-more\">\n\t\t<a class=\"qodef-shortcode qodef-m  qodef-button qodef-layout--textual  qodef-html--link\" href=\"https:\/\/turgalat.com.tr\/tr\/sustainable-shipping-practices-balancing-efficiency-and-ecology-2\/\" target=\"_self\"  >\t\t\t<span class=\"qodef-m-button-icon\"><svg class=\"qodef-svg--plus\" xmlns=\"http:\/\/www.w3.org\/2000\/svg\" xmlns:xlink=\"http:\/\/www.w3.org\/1999\/xlink\" width=\"14\" height=\"14\" viewBox=\"0 0 14 14\"><path class=\"qodef-m-horizontal\" d=\"M0,0H14V2H0Z\" transform=\"translate(0 6)\" \/><path class=\"qodef-m-vertical\" d=\"M0,0H2V14H0Z\" transform=\"translate(6)\" \/><\/svg><\/span>\t\t\t\t<span class=\"qodef-m-button-text\">Read more<\/span>\t<\/a>\t<\/div>\n\t\t\t<\/div>\n\t\t<\/div>\n\t<\/div>\n<\/article>\n<article class=\"qodef-e qodef-blog-item qodef-grid-item qodef-item--full post-8689 post type-post status-publish format-standard has-post-thumbnail hentry category-tasimacilik tag-surdurulebilir tag-tasima tag-tasimacilik\">\n\t<div class=\"qodef-e-inner\">\n\t\t<div class=\"qodef-e-media\">\n\t\t<div class=\"qodef-e-media-image\">\n\t\t\t\t\t<a itemprop=\"url\" href=\"https:\/\/turgalat.com.tr\/tr\/sustainable-shipping-practices-verimlilik-ve-ekolojiyi-dengelerken\/\">\n\t\t\t\t\t<img decoding=\"async\" width=\"1441\" height=\"948\" src=\"https:\/\/turgalat.com.tr\/wp-content\/uploads\/2021\/08\/DPDHL_Ocean-Freight-e1707962523309.webp\" class=\"attachment-full size-full wp-post-image\" alt=\"\" srcset=\"https:\/\/turgalat.com.tr\/wp-content\/uploads\/2021\/08\/DPDHL_Ocean-Freight-e1707962523309.webp 1441w, https:\/\/turgalat.com.tr\/wp-content\/uploads\/2021\/08\/DPDHL_Ocean-Freight-e1707962523309-300x197.webp 300w, https:\/\/turgalat.com.tr\/wp-content\/uploads\/2021\/08\/DPDHL_Ocean-Freight-e1707962523309-1024x674.webp 1024w, https:\/\/turgalat.com.tr\/wp-content\/uploads\/2021\/08\/DPDHL_Ocean-Freight-e1707962523309-768x505.webp 768w\" sizes=\"(max-width: 1441px) 100vw, 1441px\" \/>\t\t\t\t\t<\/a>\n\t\t\t\t\t<\/div>\n<\/div>\n\t\t<div class=\"qodef-e-content\">\n\t\t\t<div class=\"qodef-e-top-holder\">\n\t\t\t\t<div class=\"qodef-e-info\">\n\t\t\t\t\t<a itemprop=\"dateCreated\" href=\"https:\/\/turgalat.com.tr\/tr\/2021\/08\/\" class=\"entry-date \">\n\tA\u011fustos 9, 2021<\/a><div class=\"qodef-info-separator-end\"><\/div><a href=\"https:\/\/turgalat.com.tr\/tr\/category\/tasimacilik\/\" rel=\"tag\">Ta\u015f\u0131mac\u0131l\u0131k<\/a><div class=\"qodef-info-separator-end\"><\/div>\t\t\t\t<\/div>\n\t\t\t<\/div>\n\t\t\t<div class=\"qodef-e-text\">\n\t\t\t\t<h4 itemprop=\"name\" class=\"qodef-e-title entry-title\">\n\t\t\t<a itemprop=\"url\" class=\"qodef-e-title-link\" href=\"https:\/\/turgalat.com.tr\/tr\/sustainable-shipping-practices-verimlilik-ve-ekolojiyi-dengelerken\/\">\n\t\t\tSustainable Shipping Practices: Verimlilik ve Ekolojiyi Dengelerken\t\t\t<\/a>\n\t<\/h4>\n\t\t<p itemprop=\"description\" class=\"qodef-e-excerpt\">Lojistik end\u00fcstrisindeki \u00e7evresel zorluklar\u0131n genel bir de\u011ferlendirmesi ve s\u00fcrd\u00fcr\u00fclebilir deniz ta\u015f\u0131mac\u0131l\u0131\u011f\u0131 uygulamalar\u0131 ve \u00f6nemlerinin tart\u0131\u015f\u0131lmas\u0131.<\/p>\n\t\t\t\t\t<\/div>\n\t\t\t<div class=\"qodef-e-bottom-holder\">\n\t\t\t\t\t\t<div class=\"qodef-e-read-more\">\n\t\t<a class=\"qodef-shortcode qodef-m  qodef-button qodef-layout--textual  qodef-html--link\" href=\"https:\/\/turgalat.com.tr\/tr\/sustainable-shipping-practices-verimlilik-ve-ekolojiyi-dengelerken\/\" target=\"_self\"  >\t\t\t<span class=\"qodef-m-button-icon\"><svg class=\"qodef-svg--plus\" xmlns=\"http:\/\/www.w3.org\/2000\/svg\" xmlns:xlink=\"http:\/\/www.w3.org\/1999\/xlink\" width=\"14\" height=\"14\" viewBox=\"0 0 14 14\"><path class=\"qodef-m-horizontal\" d=\"M0,0H14V2H0Z\" transform=\"translate(0 6)\" \/><path class=\"qodef-m-vertical\" d=\"M0,0H2V14H0Z\" transform=\"translate(6)\" \/><\/svg><\/span>\t\t\t\t<span class=\"qodef-m-button-text\">Read more<\/span>\t<\/a>\t<\/div>\n\t\t\t<\/div>\n\t\t<\/div>\n\t<\/div>\n<\/article>\n<article class=\"qodef-e qodef-blog-item qodef-grid-item qodef-item--full post-8702 post type-post status-publish format-standard has-post-thumbnail hentry category-uluslararasi-ticaret tag-gumruk-islemleri tag-tasimacilik tag-tedarik-zinciri tag-uluslararasi-ticaret tag-warehouse-tr\">\n\t<div class=\"qodef-e-inner\">\n\t\t<div class=\"qodef-e-media\">\n\t\t<div class=\"qodef-e-media-image\">\n\t\t\t\t\t<a itemprop=\"url\" href=\"https:\/\/turgalat.com.tr\/tr\/uluslararasi-ticarette-yon-bulma-gumrukleme-rehberi\/\">\n\t\t\t\t\t<img decoding=\"async\" width=\"1200\" height=\"800\" src=\"https:\/\/turgalat.com.tr\/wp-content\/uploads\/2021\/08\/CORP-3-Tips-for-B2B-Companies-to-Transition-to-ECommerce-Blog.jpg\" class=\"attachment-full size-full wp-post-image\" alt=\"\" srcset=\"https:\/\/turgalat.com.tr\/wp-content\/uploads\/2021\/08\/CORP-3-Tips-for-B2B-Companies-to-Transition-to-ECommerce-Blog.jpg 1200w, https:\/\/turgalat.com.tr\/wp-content\/uploads\/2021\/08\/CORP-3-Tips-for-B2B-Companies-to-Transition-to-ECommerce-Blog-300x200.jpg 300w, https:\/\/turgalat.com.tr\/wp-content\/uploads\/2021\/08\/CORP-3-Tips-for-B2B-Companies-to-Transition-to-ECommerce-Blog-1024x683.jpg 1024w, https:\/\/turgalat.com.tr\/wp-content\/uploads\/2021\/08\/CORP-3-Tips-for-B2B-Companies-to-Transition-to-ECommerce-Blog-768x512.jpg 768w\" sizes=\"(max-width: 1200px) 100vw, 1200px\" \/>\t\t\t\t\t<\/a>\n\t\t\t\t\t<\/div>\n<\/div>\n\t\t<div class=\"qodef-e-content\">\n\t\t\t<div class=\"qodef-e-top-holder\">\n\t\t\t\t<div class=\"qodef-e-info\">\n\t\t\t\t\t<a itemprop=\"dateCreated\" href=\"https:\/\/turgalat.com.tr\/tr\/2021\/08\/\" class=\"entry-date \">\n\tA\u011fustos 9, 2021<\/a><div class=\"qodef-info-separator-end\"><\/div><a href=\"https:\/\/turgalat.com.tr\/tr\/category\/uluslararasi-ticaret\/\" rel=\"tag\">Uluslararas\u0131 Ticaret<\/a><div class=\"qodef-info-separator-end\"><\/div>\t\t\t\t<\/div>\n\t\t\t<\/div>\n\t\t\t<div class=\"qodef-e-text\">\n\t\t\t\t<h4 itemprop=\"name\" class=\"qodef-e-title entry-title\">\n\t\t\t<a itemprop=\"url\" class=\"qodef-e-title-link\" href=\"https:\/\/turgalat.com.tr\/tr\/uluslararasi-ticarette-yon-bulma-gumrukleme-rehberi\/\">\n\t\t\tUluslararas\u0131 Ticarette Y\u00f6n Bulma: G\u00fcmr\u00fckleme Rehberi\t\t\t<\/a>\n\t<\/h4>\n\t\t<p itemprop=\"description\" class=\"qodef-e-excerpt\">Uluslararas\u0131 ticaret ve g\u00fcmr\u00fcklerin karma\u015f\u0131kl\u0131klar\u0131na giri\u015f ve g\u00fcmr\u00fckleme s\u00fcrecinin d\u00f6k\u00fcm\u00fc ve temel terminoloji.<\/p>\n\t\t\t\t\t<\/div>\n\t\t\t<div class=\"qodef-e-bottom-holder\">\n\t\t\t\t\t\t<div class=\"qodef-e-read-more\">\n\t\t<a class=\"qodef-shortcode qodef-m  qodef-button qodef-layout--textual  qodef-html--link\" href=\"https:\/\/turgalat.com.tr\/tr\/uluslararasi-ticarette-yon-bulma-gumrukleme-rehberi\/\" target=\"_self\"  >\t\t\t<span class=\"qodef-m-button-icon\"><svg class=\"qodef-svg--plus\" xmlns=\"http:\/\/www.w3.org\/2000\/svg\" xmlns:xlink=\"http:\/\/www.w3.org\/1999\/xlink\" width=\"14\" height=\"14\" viewBox=\"0 0 14 14\"><path class=\"qodef-m-horizontal\" d=\"M0,0H14V2H0Z\" transform=\"translate(0 6)\" \/><path class=\"qodef-m-vertical\" d=\"M0,0H2V14H0Z\" transform=\"translate(6)\" \/><\/svg><\/span>\t\t\t\t<span class=\"qodef-m-button-text\">Read more<\/span>\t<\/a>\t<\/div>\n\t\t\t<\/div>\n\t\t<\/div>\n\t<\/div>\n<\/article>\n<article class=\"qodef-e qodef-blog-item qodef-grid-item qodef-item--full post-8704 post type-post status-publish format-standard has-post-thumbnail hentry category-lojistik tag-endustri tag-lojistik tag-seyahat tag-tedarik-zinciri tag-warehouse-tr\">\n\t<div class=\"qodef-e-inner\">\n\t\t<div class=\"qodef-e-media\">\n\t\t<div class=\"qodef-e-media-image\">\n\t\t\t\t\t<a itemprop=\"url\" href=\"https:\/\/turgalat.com.tr\/tr\/lojistigin-gelecegi-teknoloji-sektoru-nasil-sekillendiriyor\/\">\n\t\t\t\t\t<img loading=\"lazy\" decoding=\"async\" width=\"1620\" height=\"1080\" src=\"https:\/\/turgalat.com.tr\/wp-content\/uploads\/2021\/08\/2020_Siemens-Digital-Logistics_Visual.webp\" class=\"attachment-full size-full wp-post-image\" alt=\"\" srcset=\"https:\/\/turgalat.com.tr\/wp-content\/uploads\/2021\/08\/2020_Siemens-Digital-Logistics_Visual.webp 1620w, https:\/\/turgalat.com.tr\/wp-content\/uploads\/2021\/08\/2020_Siemens-Digital-Logistics_Visual-300x200.webp 300w, https:\/\/turgalat.com.tr\/wp-content\/uploads\/2021\/08\/2020_Siemens-Digital-Logistics_Visual-1024x683.webp 1024w, https:\/\/turgalat.com.tr\/wp-content\/uploads\/2021\/08\/2020_Siemens-Digital-Logistics_Visual-768x512.webp 768w, https:\/\/turgalat.com.tr\/wp-content\/uploads\/2021\/08\/2020_Siemens-Digital-Logistics_Visual-1536x1024.webp 1536w\" sizes=\"(max-width: 1620px) 100vw, 1620px\" \/>\t\t\t\t\t<\/a>\n\t\t\t\t\t<\/div>\n<\/div>\n\t\t<div class=\"qodef-e-content\">\n\t\t\t<div class=\"qodef-e-top-holder\">\n\t\t\t\t<div class=\"qodef-e-info\">\n\t\t\t\t\t<a itemprop=\"dateCreated\" href=\"https:\/\/turgalat.com.tr\/tr\/2021\/08\/\" class=\"entry-date \">\n\tA\u011fustos 9, 2021<\/a><div class=\"qodef-info-separator-end\"><\/div><a href=\"https:\/\/turgalat.com.tr\/tr\/category\/lojistik\/\" rel=\"tag\">Lojistik<\/a><div class=\"qodef-info-separator-end\"><\/div>\t\t\t\t<\/div>\n\t\t\t<\/div>\n\t\t\t<div class=\"qodef-e-text\">\n\t\t\t\t<h4 itemprop=\"name\" class=\"qodef-e-title entry-title\">\n\t\t\t<a itemprop=\"url\" class=\"qodef-e-title-link\" href=\"https:\/\/turgalat.com.tr\/tr\/lojistigin-gelecegi-teknoloji-sektoru-nasil-sekillendiriyor\/\">\n\t\t\tLojisti\u011fin Gelece\u011fi: Teknoloji Sekt\u00f6r\u00fc Nas\u0131l \u015eekillendiriyor?\t\t\t<\/a>\n\t<\/h4>\n\t\t<p itemprop=\"description\" class=\"qodef-e-excerpt\">Lojisti\u011fin mevcut durumuna giri\u015f ve yenilik ihtiyac\u0131 ve lojistikte yapay zeka, IoT ve blockchain gibi ileri teknolojilerin ara\u015ft\u0131r\u0131lmas\u0131.<\/p>\n\t\t\t\t\t<\/div>\n\t\t\t<div class=\"qodef-e-bottom-holder\">\n\t\t\t\t\t\t<div class=\"qodef-e-read-more\">\n\t\t<a class=\"qodef-shortcode qodef-m  qodef-button qodef-layout--textual  qodef-html--link\" href=\"https:\/\/turgalat.com.tr\/tr\/lojistigin-gelecegi-teknoloji-sektoru-nasil-sekillendiriyor\/\" target=\"_self\"  >\t\t\t<span class=\"qodef-m-button-icon\"><svg class=\"qodef-svg--plus\" xmlns=\"http:\/\/www.w3.org\/2000\/svg\" xmlns:xlink=\"http:\/\/www.w3.org\/1999\/xlink\" width=\"14\" height=\"14\" viewBox=\"0 0 14 14\"><path class=\"qodef-m-horizontal\" d=\"M0,0H14V2H0Z\" transform=\"translate(0 6)\" \/><path class=\"qodef-m-vertical\" d=\"M0,0H2V14H0Z\" transform=\"translate(6)\" \/><\/svg><\/span>\t\t\t\t<span class=\"qodef-m-button-text\">Read more<\/span>\t<\/a>\t<\/div>\n\t\t\t<\/div>\n\t\t<\/div>\n\t<\/div>\n<\/article>\n\t<\/div>\n\t<\/div>\n\t\t\t\t<\/div>\n\t\t\t\t<\/div>\n\t\t\t\t\t<\/div>\n\t\t\t\t<\/div>\n\t\t\t\t<\/div>\n\t\t","protected":false},"excerpt":{"rendered":"<p>August 9, 2021Shipping Sustainable Shipping Practices: Balancing Efficiency and Ecology Overview of environmental challenges in the logistics industry and discussion of sustainable shipping practices and their importance. Read more August 9, 2021International Trade Navigating International Trade: A Guide to Customs Clearance Introduction to the complexities of international trade and customs and breakdown of the customs [&hellip;]<\/p>\n","protected":false},"author":1,"featured_media":0,"parent":0,"menu_order":0,"comment_status":"closed","ping_status":"closed","template":"page-full-width.php","meta":{"footnotes":""},"class_list":["post-8563","page","type-page","status-publish","hentry"],"_links":{"self":[{"href":"https:\/\/turgalat.com.tr\/tr\/wp-json\/wp\/v2\/pages\/8563","targetHints":{"allow":["GET"]}}],"collection":[{"href":"https:\/\/turgalat.com.tr\/tr\/wp-json\/wp\/v2\/pages"}],"about":[{"href":"https:\/\/turgalat.com.tr\/tr\/wp-json\/wp\/v2\/types\/page"}],"author":[{"embeddable":true,"href":"https:\/\/turgalat.com.tr\/tr\/wp-json\/wp\/v2\/users\/1"}],"replies":[{"embeddable":true,"href":"https:\/\/turgalat.com.tr\/tr\/wp-json\/wp\/v2\/comments?post=8563"}],"version-history":[{"count":7,"href":"https:\/\/turgalat.com.tr\/tr\/wp-json\/wp\/v2\/pages\/8563\/revisions"}],"predecessor-version":[{"id":8710,"href":"https:\/\/turgalat.com.tr\/tr\/wp-json\/wp\/v2\/pages\/8563\/revisions\/8710"}],"wp:attachment":[{"href":"https:\/\/turgalat.com.tr\/tr\/wp-json\/wp\/v2\/media?parent=8563"}],"curies":[{"name":"wp","href":"https:\/\/api.w.org\/{rel}","templated":true}]}}